{"id":930,"date":"2021-06-17T15:27:20","date_gmt":"2021-06-17T12:27:20","guid":{"rendered":"https:\/\/kumodei.lionssolution.com\/?post_type=product&#038;p=930"},"modified":"2025-11-02T20:47:03","modified_gmt":"2025-11-02T18:47:03","slug":"dabigas-priedes-masivkoka-trollis-4","status":"publish","type":"product","link":"https:\/\/kumode.lv\/lv\/product\/dabigas-priedes-masivkoka-trollis-4\/","title":{"rendered":"Dab\u012bg\u0101s Priedes Mas\u012bvkoka Plaukts"},"content":{"rendered":"<p>&nbsp;<\/p>\n<div id='gallery-1' class='gallery galleryid-930 gallery-columns-4 gallery-size-thumbnail'><figure class='gallery-item'>\n\t\t\t<div class='gallery-icon landscape'>\n\t\t\t\t<a title=\"092307 - koloni\u0101ls tonis\" href='https:\/\/kumode.lv\/wp-content\/uploads\/2021\/07\/092307-kolonials-tonis.png'><img loading=\"lazy\" decoding=\"async\" width=\"150\" height=\"150\" src=\"https:\/\/kumode.lv\/wp-content\/uploads\/2021\/07\/092307-kolonials-tonis-150x150.png\" class=\"attachment-thumbnail size-thumbnail\" alt=\"\" srcset=\"https:\/\/kumode.lv\/wp-content\/uploads\/2021\/07\/092307-kolonials-tonis-150x150.png 150w, https:\/\/kumode.lv\/wp-content\/uploads\/2021\/07\/092307-kolonials-tonis-300x300.png 300w, https:\/\/kumode.lv\/wp-content\/uploads\/2021\/07\/092307-kolonials-tonis-100x100.png 100w, https:\/\/kumode.lv\/wp-content\/uploads\/2021\/07\/092307-kolonials-tonis.png 450w\" sizes=\"auto, (max-width: 150px) 100vw, 150px\" \/><\/a>\n\t\t\t<\/div><\/figure><figure class='gallery-item'>\n\t\t\t<div class='gallery-icon landscape'>\n\t\t\t\t<a title=\"092332 - medus tonis\" href='https:\/\/kumode.lv\/wp-content\/uploads\/2021\/07\/092332-medus-tonis.png'><img loading=\"lazy\" decoding=\"async\" width=\"150\" height=\"150\" src=\"https:\/\/kumode.lv\/wp-content\/uploads\/2021\/07\/092332-medus-tonis-150x150.png\" class=\"attachment-thumbnail size-thumbnail\" alt=\"\" srcset=\"https:\/\/kumode.lv\/wp-content\/uploads\/2021\/07\/092332-medus-tonis-150x150.png 150w, https:\/\/kumode.lv\/wp-content\/uploads\/2021\/07\/092332-medus-tonis-300x300.png 300w, https:\/\/kumode.lv\/wp-content\/uploads\/2021\/07\/092332-medus-tonis-100x100.png 100w, https:\/\/kumode.lv\/wp-content\/uploads\/2021\/07\/092332-medus-tonis.png 450w\" sizes=\"auto, (max-width: 150px) 100vw, 150px\" \/><\/a>\n\t\t\t<\/div><\/figure><figure class='gallery-item'>\n\t\t\t<div class='gallery-icon landscape'>\n\t\t\t\t<a title=\"092357 - Balts tonis\" href='https:\/\/kumode.lv\/wp-content\/uploads\/2021\/07\/092357-Balts-tonis.png'><img loading=\"lazy\" decoding=\"async\" width=\"150\" height=\"150\" src=\"https:\/\/kumode.lv\/wp-content\/uploads\/2021\/07\/092357-Balts-tonis-150x150.png\" class=\"attachment-thumbnail size-thumbnail\" alt=\"\" srcset=\"https:\/\/kumode.lv\/wp-content\/uploads\/2021\/07\/092357-Balts-tonis-150x150.png 150w, https:\/\/kumode.lv\/wp-content\/uploads\/2021\/07\/092357-Balts-tonis-300x300.png 300w, https:\/\/kumode.lv\/wp-content\/uploads\/2021\/07\/092357-Balts-tonis-100x100.png 100w, https:\/\/kumode.lv\/wp-content\/uploads\/2021\/07\/092357-Balts-tonis.png 450w\" sizes=\"auto, (max-width: 150px) 100vw, 150px\" \/><\/a>\n\t\t\t<\/div><\/figure><figure class='gallery-item'>\n\t\t\t<div class='gallery-icon landscape'>\n\t\t\t\t<a title=\"092412 - Natur\u0101ls tonis\" href='https:\/\/kumode.lv\/wp-content\/uploads\/2021\/07\/092412-Naturals-tonis.png'><img loading=\"lazy\" decoding=\"async\" width=\"150\" height=\"150\" src=\"https:\/\/kumode.lv\/wp-content\/uploads\/2021\/07\/092412-Naturals-tonis-150x150.png\" class=\"attachment-thumbnail size-thumbnail\" alt=\"\" srcset=\"https:\/\/kumode.lv\/wp-content\/uploads\/2021\/07\/092412-Naturals-tonis-150x150.png 150w, https:\/\/kumode.lv\/wp-content\/uploads\/2021\/07\/092412-Naturals-tonis-300x300.png 300w, https:\/\/kumode.lv\/wp-content\/uploads\/2021\/07\/092412-Naturals-tonis-100x100.png 100w, https:\/\/kumode.lv\/wp-content\/uploads\/2021\/07\/092412-Naturals-tonis.png 450w\" sizes=\"auto, (max-width: 150px) 100vw, 150px\" \/><\/a>\n\t\t\t<\/div><\/figure>\n\t\t<\/div>\n\n<p>&nbsp;<\/p>\n<p>Pieejami ir da\u017e\u0101di plauktu risin\u0101jumi, kas \u013caus atrast izeju da\u017e\u0101du interjeru gad\u012bjumos. Tie var b\u016bt p\u0101rsteidzo\u0161i kompakti un vienlaikus ar\u012b est\u0113tiski pievilc\u012bgi. K\u0101ds viens no t\u0101diem veidiem ir dab\u012bg\u0101s priedes mas\u012bvkoka trollis, kas ir lieliska izv\u0113le sienas plauktu gad\u012bjum\u0101. Tie ir izveidoti speci\u0101li \u0161\u0101dai stiprin\u0101\u0161anas vietai t\u0101d\u0113j\u0101di neaiz\u0146em ar\u012b daudz laika. Katrs var\u0113s atrast vietu, kur piestiprin\u0101t mas\u012bvkoka trolli jebkur\u0101 gad\u012bjum\u0101. Pieejamas ir da\u017e\u0101das formas un izm\u0113ri, k\u0101 ar\u012b aizsargk\u0101rtas kr\u0101su kombin\u0101cijas, kas katram \u013caus atrast sev t\u012bkam\u0101ko bez liek\u0101m probl\u0113m\u0101m.<\/p>\n<p>Mas\u012bvkoka trollis ir izgatavots no Latvij\u0101 augu\u0161as priedes, kas v\u0113l\u0101k apstr\u0101d\u0101ta ar speci\u0101lu tehniku, kas savuk\u0101rt \u013cauj tai izskat\u012bties est\u0113tiski daudz pievilc\u012bg\u0101k. Plaukta da\u013cas nesatur zarus vai k\u0101dus citus defektus, kas var\u0113tu trauc\u0113t t\u0101 vizu\u0101lajam izskatam. Pieejami ir pusapa\u013cas, taisnst\u016bra u.c. formas plauki, kas at\u0161\u0137iras ar\u012b p\u0113c izm\u0113riem un ietilp\u012bbas. Taisnst\u016bra veida trollis ir vair\u0101k piem\u0113rots gr\u0101matu izvieto\u0161anai, savuk\u0101rt pusapa\u013cas formas m\u0113bele ir lieliska augu vai k\u0101du citu nelieku priek\u0161metu izvieto\u0161anai. Neatkar\u012bgi no t\u0101, kas uz tiem tiks izvietots, tas b\u016bs viegli paman\u0101ms gan sev, gan viesiem. Pieejamas ir ar\u012b da\u017e\u0101das kr\u0101su vari\u0101cijas k\u0101 tum\u0161i br\u016bna, gai\u0161i br\u016bna, sarkanbr\u016bna, melna, balta u.c. Tas \u013caus viegl\u0101k izv\u0113l\u0113to trolli pieska\u0146ot p\u0101r\u0113j\u0101m telpas m\u0113bel\u0113m. Gai\u0161\u0101ks tonis v\u0113l vair\u0101k izcels dabisko priedes strukt\u016bru, kas savuk\u0101rt rad\u012bs sp\u0113c\u012bg\u0101ku m\u0101j\u012bguma un dabiskuma noska\u0146u.<\/p>\n<p>Dab\u012bg\u0101s priedes mas\u012bvkoka trollis ir lieliska izv\u0113le lai m\u0113bele nenoslogotu istabas dizainu, k\u0101 ar\u012b est\u0113tiski piesaisto\u0161a. Pateicoties modern\u0101s tehnolo\u0123ijas pal\u012bdz\u012bbai, m\u0113bele b\u016bs stabila konstrukcij\u0101, k\u0101 ar\u012b laika gait\u0101 nezaud\u0113s savu est\u0113tisko pievilc\u012bbu. Tas b\u016bs lielisks risin\u0101jums, k\u0101 telpu padar\u012bt unik\u0101l\u0101ku un dz\u012bv\u012bg\u0101ku.<\/p>","protected":false},"excerpt":{"rendered":"<p>&nbsp; &nbsp; Pieejami ir da\u017e\u0101di plauktu risin\u0101jumi, kas \u013caus atrast izeju da\u017e\u0101du interjeru gad\u012bjumos. Tie var b\u016bt p\u0101rsteidzo\u0161i kompakti un vienlaikus ar\u012b est\u0113tiski pievilc\u012bgi. K\u0101ds viens no t\u0101diem veidiem ir dab\u012bg\u0101s priedes mas\u012bvkoka trollis, kas ir lieliska izv\u0113le sienas plauktu gad\u012bjum\u0101. Tie ir izveidoti speci\u0101li \u0161\u0101dai stiprin\u0101\u0161anas vietai t\u0101d\u0113j\u0101di neaiz\u0146em ar\u012b daudz laika. Katrs var\u0113s [&hellip;]<\/p>\n","protected":false},"featured_media":378,"template":"","meta":[],"product_cat":[23],"product_tag":[],"class_list":["post-930","product","type-product","status-publish","has-post-thumbnail","hentry","product_cat-priedes-koka-plaukti"],"_links":{"self":[{"href":"https:\/\/kumode.lv\/lv\/wp-json\/wp\/v2\/product\/930","targetHints":{"allow":["GET"]}}],"collection":[{"href":"https:\/\/kumode.lv\/lv\/wp-json\/wp\/v2\/product"}],"about":[{"href":"https:\/\/kumode.lv\/lv\/wp-json\/wp\/v2\/types\/product"}],"wp:featuredmedia":[{"embeddable":true,"href":"https:\/\/kumode.lv\/lv\/wp-json\/wp\/v2\/media\/378"}],"wp:attachment":[{"href":"https:\/\/kumode.lv\/lv\/wp-json\/wp\/v2\/media?parent=930"}],"wp:term":[{"taxonomy":"product_cat","embeddable":true,"href":"https:\/\/kumode.lv\/lv\/wp-json\/wp\/v2\/product_cat?post=930"},{"taxonomy":"product_tag","embeddable":true,"href":"https:\/\/kumode.lv\/lv\/wp-json\/wp\/v2\/product_tag?post=930"}],"curies":[{"name":"wp","href":"https:\/\/api.w.org\/{rel}","templated":true}]}}