{"id":914,"date":"2021-06-17T13:49:45","date_gmt":"2021-06-17T10:49:45","guid":{"rendered":"https:\/\/kumodei.lionssolution.com\/?post_type=product&#038;p=914"},"modified":"2025-11-02T19:19:12","modified_gmt":"2025-11-02T17:19:12","slug":"dabigas-priedes-masivkoka-kumode-800-liela-atvilkne","status":"publish","type":"product","link":"https:\/\/kumode.lv\/lv\/product\/dabigas-priedes-masivkoka-kumode-800-liela-atvilkne\/","title":{"rendered":"Dab\u012bg\u0101s Priedes Mas\u012bvkoka Kumode \u2013 800"},"content":{"rendered":"<p><div id='gallery-1' class='gallery galleryid-914 gallery-columns-4 gallery-size-thumbnail'><figure class='gallery-item'>\n\t\t\t<div class='gallery-icon landscape'>\n\t\t\t\t<a title=\"092307 - koloni\u0101ls tonis\" href='https:\/\/kumode.lv\/wp-content\/uploads\/2021\/07\/092307-kolonials-tonis.png'><img loading=\"lazy\" decoding=\"async\" width=\"150\" height=\"150\" src=\"https:\/\/kumode.lv\/wp-content\/uploads\/2021\/07\/092307-kolonials-tonis-150x150.png\" class=\"attachment-thumbnail size-thumbnail\" alt=\"\" srcset=\"https:\/\/kumode.lv\/wp-content\/uploads\/2021\/07\/092307-kolonials-tonis-150x150.png 150w, https:\/\/kumode.lv\/wp-content\/uploads\/2021\/07\/092307-kolonials-tonis-300x300.png 300w, https:\/\/kumode.lv\/wp-content\/uploads\/2021\/07\/092307-kolonials-tonis-100x100.png 100w, https:\/\/kumode.lv\/wp-content\/uploads\/2021\/07\/092307-kolonials-tonis.png 450w\" sizes=\"auto, (max-width: 150px) 100vw, 150px\" \/><\/a>\n\t\t\t<\/div><\/figure><figure class='gallery-item'>\n\t\t\t<div class='gallery-icon landscape'>\n\t\t\t\t<a title=\"092332 - medus tonis\" href='https:\/\/kumode.lv\/wp-content\/uploads\/2021\/07\/092332-medus-tonis.png'><img loading=\"lazy\" decoding=\"async\" width=\"150\" height=\"150\" src=\"https:\/\/kumode.lv\/wp-content\/uploads\/2021\/07\/092332-medus-tonis-150x150.png\" class=\"attachment-thumbnail size-thumbnail\" alt=\"\" srcset=\"https:\/\/kumode.lv\/wp-content\/uploads\/2021\/07\/092332-medus-tonis-150x150.png 150w, https:\/\/kumode.lv\/wp-content\/uploads\/2021\/07\/092332-medus-tonis-300x300.png 300w, https:\/\/kumode.lv\/wp-content\/uploads\/2021\/07\/092332-medus-tonis-100x100.png 100w, https:\/\/kumode.lv\/wp-content\/uploads\/2021\/07\/092332-medus-tonis.png 450w\" sizes=\"auto, (max-width: 150px) 100vw, 150px\" \/><\/a>\n\t\t\t<\/div><\/figure><figure class='gallery-item'>\n\t\t\t<div class='gallery-icon landscape'>\n\t\t\t\t<a title=\"092357 - Balts tonis\" href='https:\/\/kumode.lv\/wp-content\/uploads\/2021\/07\/092357-Balts-tonis.png'><img loading=\"lazy\" decoding=\"async\" width=\"150\" height=\"150\" src=\"https:\/\/kumode.lv\/wp-content\/uploads\/2021\/07\/092357-Balts-tonis-150x150.png\" class=\"attachment-thumbnail size-thumbnail\" alt=\"\" srcset=\"https:\/\/kumode.lv\/wp-content\/uploads\/2021\/07\/092357-Balts-tonis-150x150.png 150w, https:\/\/kumode.lv\/wp-content\/uploads\/2021\/07\/092357-Balts-tonis-300x300.png 300w, https:\/\/kumode.lv\/wp-content\/uploads\/2021\/07\/092357-Balts-tonis-100x100.png 100w, https:\/\/kumode.lv\/wp-content\/uploads\/2021\/07\/092357-Balts-tonis.png 450w\" sizes=\"auto, (max-width: 150px) 100vw, 150px\" \/><\/a>\n\t\t\t<\/div><\/figure><figure class='gallery-item'>\n\t\t\t<div class='gallery-icon landscape'>\n\t\t\t\t<a title=\"092412 - Natur\u0101ls tonis\" href='https:\/\/kumode.lv\/wp-content\/uploads\/2021\/07\/092412-Naturals-tonis.png'><img loading=\"lazy\" decoding=\"async\" width=\"150\" height=\"150\" src=\"https:\/\/kumode.lv\/wp-content\/uploads\/2021\/07\/092412-Naturals-tonis-150x150.png\" class=\"attachment-thumbnail size-thumbnail\" alt=\"\" srcset=\"https:\/\/kumode.lv\/wp-content\/uploads\/2021\/07\/092412-Naturals-tonis-150x150.png 150w, https:\/\/kumode.lv\/wp-content\/uploads\/2021\/07\/092412-Naturals-tonis-300x300.png 300w, https:\/\/kumode.lv\/wp-content\/uploads\/2021\/07\/092412-Naturals-tonis-100x100.png 100w, https:\/\/kumode.lv\/wp-content\/uploads\/2021\/07\/092412-Naturals-tonis.png 450w\" sizes=\"auto, (max-width: 150px) 100vw, 150px\" \/><\/a>\n\t\t\t<\/div><\/figure>\n\t\t<\/div>\n<\/p>\n<p>&nbsp;<\/p>\n<p>&nbsp;<\/p>\n<p>Kumode ir neat\u0146emama m\u0113bele praktiski katr\u0101 interjer\u0101, jo parasti liel\u0101s probl\u0113mas, kas cilv\u0113kus piemekl\u0113 ir p\u0101rlieku lielais ap\u0123\u0113rbu daudzums. T\u0101 var izv\u0113rsties par sevi\u0161\u0137i lielu probl\u0113mu, ja nav speci\u0101las vietas, kur nolikt liek\u0101s dr\u0113bes k\u0101 b\u0113ni\u0146i. Viens no risin\u0101jumiem ir dab\u012bg\u0101s priedes mas\u012bvkoka kumode \u2013 800, kas pieejama da\u017e\u0101dos variantos un aizsargkr\u0101su veidos. Tas ir lielisks risin\u0101jums, k\u0101 \u0113rti salikt sezonas lietas vienviet un nepiecie\u0161am\u012bbas gad\u012bjum\u0101 t\u0101s ar\u012b viegli atrast.<\/p>\n<p>Mas\u012bvkoka kumode ir izgatavota no priedes, kas ir augusi Latvij\u0101 un izmantojot modern\u0101s tehnolo\u0123ijas, ir apstr\u0101d\u0101ta l\u012bdz augst\u0101kai iesp\u0113jamai kvalit\u0101tei. Ir iesp\u0113jamas da\u017e\u0101das vari\u0101cijas k\u0101 piem\u0113ram kumode ar tr\u012bs liel\u0101m atvilktn\u0113m un div\u0101m maz\u0101k\u0101m aug\u0161\u0113j\u0101 da\u013c\u0101 un apa\u013ciem rokturiem, t\u0101da pati, bet ar fr\u0113z\u0113tiem rokturiem vai ar\u012b kumode ar vienu lielu atvilktni, div\u0101m maz\u0101k\u0101m, vienu lielu nodal\u012bjumu apka\u0161\u0101 un noapa\u013cotiem rokturiem. Liel\u0101ks nodal\u012bjums lieliski pal\u012bdz ievietot tur apavus vai k\u0101das citas lietas, kas aiz\u0146em daudz vietas. Pieejami ir da\u017e\u0101di aizsargk\u0101rtas varianti \u2013 sarkanbr\u016bns, tum\u0161i br\u016bns, gai\u0161i br\u016bns, balts, melns vai tuvu dabiskajai koka strukt\u016bras kr\u0101sai. Izv\u0113loties gai\u0161\u0101ku toni, ir iesp\u0113jams ieg\u016bt daudz paman\u0101m\u0101ku koka dab\u012bgo strukt\u016bru. Tas \u013caus ar\u012b padar\u012bt pa\u0161u telpu nedaudz gai\u0161\u0101ku un dz\u012bv\u012bg\u0101ku, savuk\u0101rt tum\u0161\u0101ks tonis padar\u012bs m\u0113beles izskatu vair\u0101k vecmod\u012bgu un omul\u012bg\u0101ku, ja vien telpa nav p\u0101r\u0101k tum\u0161a.<\/p>\n<p>Dab\u012bg\u0101s priedes mas\u012bvkoka kumode b\u016bs lielisks risin\u0101jums da\u017e\u0101d\u0101s telp\u0101s. T\u0101 neaiz\u0146em daudz vietas, turkl\u0101t ir ietilp\u012bga. Ir iesp\u0113jami vair\u0101ki kumodes veidi, t\u0101d\u0113j\u0101di \u013caujot atrast t\u012bkam\u0101ko. Augst\u0101 priedes mas\u012bvkoka kvalit\u0101te \u013caus nov\u0113rt\u0113t dabas sniegt\u0101 materi\u0101la ieguvumus. Koks k\u0101 materi\u0101ls ar\u012b laika gait\u0101 nav izg\u0101jis no modes un maz ticams, ka izies.<\/p>","protected":false},"excerpt":{"rendered":"<p><span style=\"color: #000000;\"><span style=\"font-size: 18px;\">Izm\u0113rs: AxPxD<\/span><\/span><\/p>\n","protected":false},"featured_media":1152,"template":"","meta":[],"product_cat":[24],"product_tag":[],"class_list":["post-914","product","type-product","status-publish","has-post-thumbnail","hentry","product_cat-priedes-koka-kumodes"],"_links":{"self":[{"href":"https:\/\/kumode.lv\/lv\/wp-json\/wp\/v2\/product\/914","targetHints":{"allow":["GET"]}}],"collection":[{"href":"https:\/\/kumode.lv\/lv\/wp-json\/wp\/v2\/product"}],"about":[{"href":"https:\/\/kumode.lv\/lv\/wp-json\/wp\/v2\/types\/product"}],"wp:featuredmedia":[{"embeddable":true,"href":"https:\/\/kumode.lv\/lv\/wp-json\/wp\/v2\/media\/1152"}],"wp:attachment":[{"href":"https:\/\/kumode.lv\/lv\/wp-json\/wp\/v2\/media?parent=914"}],"wp:term":[{"taxonomy":"product_cat","embeddable":true,"href":"https:\/\/kumode.lv\/lv\/wp-json\/wp\/v2\/product_cat?post=914"},{"taxonomy":"product_tag","embeddable":true,"href":"https:\/\/kumode.lv\/lv\/wp-json\/wp\/v2\/product_tag?post=914"}],"curies":[{"name":"wp","href":"https:\/\/api.w.org\/{rel}","templated":true}]}}