{"id":491,"date":"2021-06-09T08:57:53","date_gmt":"2021-06-09T05:57:53","guid":{"rendered":"https:\/\/kumodei.lionssolution.com\/?post_type=product&#038;p=491"},"modified":"2025-11-02T19:06:34","modified_gmt":"2025-11-02T17:06:34","slug":"dabigas-priedes-masivkoka-gultas-paplate","status":"publish","type":"product","link":"https:\/\/kumode.lv\/lv\/product\/dabigas-priedes-masivkoka-gultas-paplate\/","title":{"rendered":"Dab\u012bg\u0101s Priedes Mas\u012bvkoka Gultas Papl\u0101te"},"content":{"rendered":"<p><div id='gallery-1' class='gallery galleryid-491 gallery-columns-4 gallery-size-thumbnail'><figure class='gallery-item'>\n\t\t\t<div class='gallery-icon landscape'>\n\t\t\t\t<a title=\"092307 - koloni\u0101ls tonis\" href='https:\/\/kumode.lv\/wp-content\/uploads\/2021\/07\/092307-kolonials-tonis.png'><img loading=\"lazy\" decoding=\"async\" width=\"150\" height=\"150\" src=\"https:\/\/kumode.lv\/wp-content\/uploads\/2021\/07\/092307-kolonials-tonis-150x150.png\" class=\"attachment-thumbnail size-thumbnail\" alt=\"\" srcset=\"https:\/\/kumode.lv\/wp-content\/uploads\/2021\/07\/092307-kolonials-tonis-150x150.png 150w, https:\/\/kumode.lv\/wp-content\/uploads\/2021\/07\/092307-kolonials-tonis-300x300.png 300w, https:\/\/kumode.lv\/wp-content\/uploads\/2021\/07\/092307-kolonials-tonis-100x100.png 100w, https:\/\/kumode.lv\/wp-content\/uploads\/2021\/07\/092307-kolonials-tonis.png 450w\" sizes=\"auto, (max-width: 150px) 100vw, 150px\" \/><\/a>\n\t\t\t<\/div><\/figure><figure class='gallery-item'>\n\t\t\t<div class='gallery-icon landscape'>\n\t\t\t\t<a title=\"092332 - medus tonis\" href='https:\/\/kumode.lv\/wp-content\/uploads\/2021\/07\/092332-medus-tonis.png'><img loading=\"lazy\" decoding=\"async\" width=\"150\" height=\"150\" src=\"https:\/\/kumode.lv\/wp-content\/uploads\/2021\/07\/092332-medus-tonis-150x150.png\" class=\"attachment-thumbnail size-thumbnail\" alt=\"\" srcset=\"https:\/\/kumode.lv\/wp-content\/uploads\/2021\/07\/092332-medus-tonis-150x150.png 150w, https:\/\/kumode.lv\/wp-content\/uploads\/2021\/07\/092332-medus-tonis-300x300.png 300w, https:\/\/kumode.lv\/wp-content\/uploads\/2021\/07\/092332-medus-tonis-100x100.png 100w, https:\/\/kumode.lv\/wp-content\/uploads\/2021\/07\/092332-medus-tonis.png 450w\" sizes=\"auto, (max-width: 150px) 100vw, 150px\" \/><\/a>\n\t\t\t<\/div><\/figure><figure class='gallery-item'>\n\t\t\t<div class='gallery-icon landscape'>\n\t\t\t\t<a title=\"092357 - Balts tonis\" href='https:\/\/kumode.lv\/wp-content\/uploads\/2021\/07\/092357-Balts-tonis.png'><img loading=\"lazy\" decoding=\"async\" width=\"150\" height=\"150\" src=\"https:\/\/kumode.lv\/wp-content\/uploads\/2021\/07\/092357-Balts-tonis-150x150.png\" class=\"attachment-thumbnail size-thumbnail\" alt=\"\" srcset=\"https:\/\/kumode.lv\/wp-content\/uploads\/2021\/07\/092357-Balts-tonis-150x150.png 150w, https:\/\/kumode.lv\/wp-content\/uploads\/2021\/07\/092357-Balts-tonis-300x300.png 300w, https:\/\/kumode.lv\/wp-content\/uploads\/2021\/07\/092357-Balts-tonis-100x100.png 100w, https:\/\/kumode.lv\/wp-content\/uploads\/2021\/07\/092357-Balts-tonis.png 450w\" sizes=\"auto, (max-width: 150px) 100vw, 150px\" \/><\/a>\n\t\t\t<\/div><\/figure><figure class='gallery-item'>\n\t\t\t<div class='gallery-icon landscape'>\n\t\t\t\t<a title=\"092412 - Natur\u0101ls tonis\" href='https:\/\/kumode.lv\/wp-content\/uploads\/2021\/07\/092412-Naturals-tonis.png'><img loading=\"lazy\" decoding=\"async\" width=\"150\" height=\"150\" src=\"https:\/\/kumode.lv\/wp-content\/uploads\/2021\/07\/092412-Naturals-tonis-150x150.png\" class=\"attachment-thumbnail size-thumbnail\" alt=\"\" srcset=\"https:\/\/kumode.lv\/wp-content\/uploads\/2021\/07\/092412-Naturals-tonis-150x150.png 150w, https:\/\/kumode.lv\/wp-content\/uploads\/2021\/07\/092412-Naturals-tonis-300x300.png 300w, https:\/\/kumode.lv\/wp-content\/uploads\/2021\/07\/092412-Naturals-tonis-100x100.png 100w, https:\/\/kumode.lv\/wp-content\/uploads\/2021\/07\/092412-Naturals-tonis.png 450w\" sizes=\"auto, (max-width: 150px) 100vw, 150px\" \/><\/a>\n\t\t\t<\/div><\/figure>\n\t\t<\/div>\n<\/p>\n<p>&nbsp;<\/p>\n<p>Gu\u013camistaba ir t\u0101 vieta, kur katrs uzkr\u0101j ener\u0123iju, var b\u016bt t\u0101ds, k\u0101ds vi\u0146\u0161 ir un dar\u012bt da\u017e\u0101das citas lietas sav\u0101 priv\u0101taj\u0101 telp\u0101. Daudziem cilv\u0113kiem pat\u012bk iesp\u0113ja ar\u012b turpat ietur\u0113t k\u0101du malt\u012bti. Kuram gan nepat\u012bk brokastis gult\u0101? Lai atvieglotu \u0161\u0101das idejas iesp\u0113ju, tiek pied\u0101v\u0101ts ieg\u0101d\u0101ties speci\u0101li \u0161im rad\u012btu m\u0113beli, kas neliks vilties. T\u0101 ir dab\u012bg\u0101s priedes mas\u012bvkoka gultas papl\u0101te, kas piln\u012bb\u0101 ra\u017eota Latvij\u0101 un sp\u0113j c\u012bn\u012bties ar katra v\u0113lm\u0113m.<\/p>\n<p>Gultas papl\u0101te ir izgatavota no Latvij\u0101 augu\u0161as priedes, kas apstr\u0101d\u0101ta ar modern\u0101kaj\u0101m tehnolo\u0123ij\u0101m un papildus ar profesion\u0101\u013cu darbu, atbilst p\u0113c iesp\u0113jas liel\u0101kai precizit\u0101tei un kvalit\u0101tei, kas ir svar\u012bgi, lai m\u0113bele kalpotu p\u0113c iesp\u0113jas ilg\u0101ku m\u016b\u017eu. Papl\u0101te atrodas uz \u010detriem groz\u0101miem plastmasas rite\u0146iem, kas \u013cauj to viegli p\u0101rvietot, t\u0101d\u0113j\u0101di \u013caujot tai b\u016bt \u0113rti p\u0101rvietojamai, neatst\u0101jot aiz sevis nek\u0101das p\u0113das uz gr\u012bdas. To ir iesp\u0113jams viegli pieb\u012bd\u012bt pie pa\u0161as gultas t\u0101, ka papl\u0101tes virsma atrodas tie\u0161i pret\u012b katra aizsniedzam\u012bbas zonai. Tas to padara par lielisku pal\u012bgu malt\u012bt\u0113m, las\u012b\u0161anai u.c. liet\u0101m, kuras ir iesp\u0113jams veikt gult\u0101. Virsmas aizsardz\u012bbai ir pieejamas da\u017e\u0101di aizsargkr\u0101su to\u0146i k\u0101 sarkanbr\u016bns, tum\u0161i br\u016bns, gai\u0161i br\u016bns, balts, melns, k\u0101 ar\u012b gandr\u012bz caursp\u012bd\u012bgs. T\u0101 k\u0101 nav tik lielas nepiecie\u0161am\u012bbas \u0161\u0101du m\u0113beli pieska\u0146ot p\u0101r\u0113j\u0101m interjer\u0101 eso\u0161\u0101m, var viegli izv\u0113l\u0113ties sev t\u012bkam\u0101ko. Gai\u0161\u0101ks tonis parasti daudz vair\u0101k izce\u013c priedes dab\u012bgo strukt\u016bru, kas to padara ar\u012b unik\u0101l\u0101ku. Tum\u0161\u0101ks tonis savuk\u0101rt vair\u0101k pal\u012bdz rad\u012bt senlaic\u012bgu un klasisku iespaidu.<\/p>\n<p>Dab\u012bg\u0101s priedes mas\u012bvkoka gultas papl\u0101te b\u016bs lielisks papildin\u0101jums jebkurai gu\u013camistabai. T\u0101 funkcionalit\u0101te atvieglos da\u017e\u0101das lietas, k\u0101 ar\u012b liks katram justies daudz \u012bpa\u0161\u0101kam gu\u013camistab\u0101, k\u0101 ar\u012b izbaud\u012bt vair\u0101k laika esot gult\u0101.<\/p>","protected":false},"excerpt":{"rendered":"<p><span style=\"font-size: 18px;\">Izm\u0113rs: AxPxD<\/span><\/p>\n","protected":false},"featured_media":492,"template":"","meta":[],"product_cat":[22,26],"product_tag":[],"class_list":["post-491","product","type-product","status-publish","has-post-thumbnail","hentry","product_cat-priedes-koka-galdi","product_cat-priedes-gulamistaba"],"_links":{"self":[{"href":"https:\/\/kumode.lv\/lv\/wp-json\/wp\/v2\/product\/491","targetHints":{"allow":["GET"]}}],"collection":[{"href":"https:\/\/kumode.lv\/lv\/wp-json\/wp\/v2\/product"}],"about":[{"href":"https:\/\/kumode.lv\/lv\/wp-json\/wp\/v2\/types\/product"}],"wp:featuredmedia":[{"embeddable":true,"href":"https:\/\/kumode.lv\/lv\/wp-json\/wp\/v2\/media\/492"}],"wp:attachment":[{"href":"https:\/\/kumode.lv\/lv\/wp-json\/wp\/v2\/media?parent=491"}],"wp:term":[{"taxonomy":"product_cat","embeddable":true,"href":"https:\/\/kumode.lv\/lv\/wp-json\/wp\/v2\/product_cat?post=491"},{"taxonomy":"product_tag","embeddable":true,"href":"https:\/\/kumode.lv\/lv\/wp-json\/wp\/v2\/product_tag?post=491"}],"curies":[{"name":"wp","href":"https:\/\/api.w.org\/{rel}","templated":true}]}}