{"id":422,"date":"2021-06-08T14:01:04","date_gmt":"2021-06-08T11:01:04","guid":{"rendered":"https:\/\/kumodei.lionssolution.com\/?post_type=product&#038;p=422"},"modified":"2025-11-02T19:20:38","modified_gmt":"2025-11-02T17:20:38","slug":"dabigas-priedes-masivkoka-kumode-zema","status":"publish","type":"product","link":"https:\/\/kumode.lv\/lv\/product\/dabigas-priedes-masivkoka-kumode-zema\/","title":{"rendered":"Dab\u012bg\u0101s Priedes Mas\u012bvkoka Kumode \u2013 Zem\u0101"},"content":{"rendered":"<p><div id='gallery-1' class='gallery galleryid-422 gallery-columns-4 gallery-size-thumbnail'><figure class='gallery-item'>\n\t\t\t<div class='gallery-icon landscape'>\n\t\t\t\t<a title=\"092307 - koloni\u0101ls tonis\" href='https:\/\/kumode.lv\/wp-content\/uploads\/2021\/07\/092307-kolonials-tonis.png'><img loading=\"lazy\" decoding=\"async\" width=\"150\" height=\"150\" src=\"https:\/\/kumode.lv\/wp-content\/uploads\/2021\/07\/092307-kolonials-tonis-150x150.png\" class=\"attachment-thumbnail size-thumbnail\" alt=\"\" srcset=\"https:\/\/kumode.lv\/wp-content\/uploads\/2021\/07\/092307-kolonials-tonis-150x150.png 150w, https:\/\/kumode.lv\/wp-content\/uploads\/2021\/07\/092307-kolonials-tonis-300x300.png 300w, https:\/\/kumode.lv\/wp-content\/uploads\/2021\/07\/092307-kolonials-tonis-100x100.png 100w, https:\/\/kumode.lv\/wp-content\/uploads\/2021\/07\/092307-kolonials-tonis.png 450w\" sizes=\"auto, (max-width: 150px) 100vw, 150px\" \/><\/a>\n\t\t\t<\/div><\/figure><figure class='gallery-item'>\n\t\t\t<div class='gallery-icon landscape'>\n\t\t\t\t<a title=\"092332 - medus tonis\" href='https:\/\/kumode.lv\/wp-content\/uploads\/2021\/07\/092332-medus-tonis.png'><img loading=\"lazy\" decoding=\"async\" width=\"150\" height=\"150\" src=\"https:\/\/kumode.lv\/wp-content\/uploads\/2021\/07\/092332-medus-tonis-150x150.png\" class=\"attachment-thumbnail size-thumbnail\" alt=\"\" srcset=\"https:\/\/kumode.lv\/wp-content\/uploads\/2021\/07\/092332-medus-tonis-150x150.png 150w, https:\/\/kumode.lv\/wp-content\/uploads\/2021\/07\/092332-medus-tonis-300x300.png 300w, https:\/\/kumode.lv\/wp-content\/uploads\/2021\/07\/092332-medus-tonis-100x100.png 100w, https:\/\/kumode.lv\/wp-content\/uploads\/2021\/07\/092332-medus-tonis.png 450w\" sizes=\"auto, (max-width: 150px) 100vw, 150px\" \/><\/a>\n\t\t\t<\/div><\/figure><figure class='gallery-item'>\n\t\t\t<div class='gallery-icon landscape'>\n\t\t\t\t<a title=\"092357 - Balts tonis\" href='https:\/\/kumode.lv\/wp-content\/uploads\/2021\/07\/092357-Balts-tonis.png'><img loading=\"lazy\" decoding=\"async\" width=\"150\" height=\"150\" src=\"https:\/\/kumode.lv\/wp-content\/uploads\/2021\/07\/092357-Balts-tonis-150x150.png\" class=\"attachment-thumbnail size-thumbnail\" alt=\"\" srcset=\"https:\/\/kumode.lv\/wp-content\/uploads\/2021\/07\/092357-Balts-tonis-150x150.png 150w, https:\/\/kumode.lv\/wp-content\/uploads\/2021\/07\/092357-Balts-tonis-300x300.png 300w, https:\/\/kumode.lv\/wp-content\/uploads\/2021\/07\/092357-Balts-tonis-100x100.png 100w, https:\/\/kumode.lv\/wp-content\/uploads\/2021\/07\/092357-Balts-tonis.png 450w\" sizes=\"auto, (max-width: 150px) 100vw, 150px\" \/><\/a>\n\t\t\t<\/div><\/figure><figure class='gallery-item'>\n\t\t\t<div class='gallery-icon landscape'>\n\t\t\t\t<a title=\"092412 - Natur\u0101ls tonis\" href='https:\/\/kumode.lv\/wp-content\/uploads\/2021\/07\/092412-Naturals-tonis.png'><img loading=\"lazy\" decoding=\"async\" width=\"150\" height=\"150\" src=\"https:\/\/kumode.lv\/wp-content\/uploads\/2021\/07\/092412-Naturals-tonis-150x150.png\" class=\"attachment-thumbnail size-thumbnail\" alt=\"\" srcset=\"https:\/\/kumode.lv\/wp-content\/uploads\/2021\/07\/092412-Naturals-tonis-150x150.png 150w, https:\/\/kumode.lv\/wp-content\/uploads\/2021\/07\/092412-Naturals-tonis-300x300.png 300w, https:\/\/kumode.lv\/wp-content\/uploads\/2021\/07\/092412-Naturals-tonis-100x100.png 100w, https:\/\/kumode.lv\/wp-content\/uploads\/2021\/07\/092412-Naturals-tonis.png 450w\" sizes=\"auto, (max-width: 150px) 100vw, 150px\" \/><\/a>\n\t\t\t<\/div><\/figure>\n\t\t<\/div>\n<\/p>\n<p>&nbsp;<\/p>\n<p>&nbsp;<\/p>\n<p>Katram m\u0101joklim jeb dz\u012bvesvietai ir nepiecie\u0161amas m\u0113beles, kas sp\u0113j ne tikai funkcion\u0113t, bet ar\u012b est\u0113tiski papildin\u0101t to. Tikl\u012bdz k\u0101ds p\u0101rk\u0101pj m\u0101jas soli, tas vispirms ierauga m\u0113beles, kas rada kop\u0113jo interjera dizainu. Viena no tuv\u0101k eso\u0161aj\u0101m \u0161\u0101da veida m\u0113bel\u0113m nenoliedzami ir kumode. Ir da\u017e\u0101di to veidi un izm\u0113ri, t\u0101p\u0113c katrs \u0113rti var izv\u0113l\u0113ties sev piem\u0113rot\u0101ko. Viena no t\u0101m ir dab\u012bg\u0101s priedes mas\u012bvkoka kumode \u2013 Zem\u0101, kas ir piln\u012bb\u0101 Latvij\u0101 izgatavota no dabiska izejmateri\u0101la, p\u0101rv\u0113r\u0161ot to l\u012bdz nepaz\u012b\u0161anai. Kumode b\u016bt\u012bb\u0101 sast\u0101v no div\u0101m atvilktn\u0113m, kas ir izvietotas konstrukcijas aug\u0161da\u013c\u0101, bet apak\u0161\u0113j\u0101 da\u013ca vari\u0113 \u2013 vien\u0101 variant\u0101 t\u0101s ir tr\u012bs atvilktnes, bet otr\u0101 viena atvilktne un viens liel\u0101ks nodal\u012bjums, kas ir lielisks, lai taj\u0101 ievietotu da\u017e\u0101dus apavus vai citus liel\u0101kus priek\u0161metus, kuriem nepietiek vietas, lai atst\u0101tu vienk\u0101r\u0161i uz gr\u012bdas. Pa\u0161ai atv\u0113r\u0161anai rokturi vari\u0113 no klasiski noapa\u013cotiem rokturiem vai ar\u012b fr\u0113z\u0113tiem. Noapa\u013cotie rokturi ar liel\u0101ku apak\u0161\u0113jo nodal\u012bjumu rada senlaic\u012bg\u0101ku iespaidu, sevi\u0161\u0137i ja tiek izv\u0113l\u0113ta sarkanbr\u016bna vai k\u0101da cita tum\u0161a kr\u0101sa. Pieejamas ir da\u017e\u0101das citas kr\u0101su un to\u0146u vari\u0101cijas \u2013 tum\u0161i br\u016bna, gai\u0161i br\u016bna, balta u.c. tas \u013caus \u0113rt\u0101k zemo kumodi pieska\u0146ot cit\u0101m interjera m\u0113bel\u0113m vai ar\u012b tie\u0161i otr\u0101d\u0101k \u2013 padar\u012bt telpu gai\u0161\u0101ku, ja tiek izv\u0113l\u0113ts gai\u0161\u0101ks kumodes tonis. Tas ar\u012b izce\u013c koksnes dabisko tekst\u016bru un t\u0101s unikalit\u0101ti. \u0160\u0101d\u0101 veid\u0101 ir iesp\u0113jams ieg\u016bt lielisku m\u0101jas un dabiskuma saj\u016btu.<\/p>\n<p>Dab\u012bg\u0101s priedes mas\u012bvkoka kumode \u2013 Zem\u0101 ir lielisks risin\u0101jums nep\u0101r\u0101k lielas m\u0113beles ieg\u0101dei, kas var noder\u0113t ar\u012b apavu un citu lietu novieto\u0161anai. T\u0101 ir pietieko\u0161i liela un kvalitat\u012bva , lai nerastos probl\u0113mas ar ietilp\u012bbu vai \u0161aub\u0101m par m\u0113beles iztur\u012bbu.<\/p>","protected":false},"excerpt":{"rendered":"<p><span style=\"font-size: 18px;\">Izm\u0113rs: AxPxD<\/span><\/p>\n","protected":false},"featured_media":426,"template":"","meta":[],"product_cat":[24],"product_tag":[],"class_list":["post-422","product","type-product","status-publish","has-post-thumbnail","hentry","product_cat-priedes-koka-kumodes"],"_links":{"self":[{"href":"https:\/\/kumode.lv\/lv\/wp-json\/wp\/v2\/product\/422","targetHints":{"allow":["GET"]}}],"collection":[{"href":"https:\/\/kumode.lv\/lv\/wp-json\/wp\/v2\/product"}],"about":[{"href":"https:\/\/kumode.lv\/lv\/wp-json\/wp\/v2\/types\/product"}],"wp:featuredmedia":[{"embeddable":true,"href":"https:\/\/kumode.lv\/lv\/wp-json\/wp\/v2\/media\/426"}],"wp:attachment":[{"href":"https:\/\/kumode.lv\/lv\/wp-json\/wp\/v2\/media?parent=422"}],"wp:term":[{"taxonomy":"product_cat","embeddable":true,"href":"https:\/\/kumode.lv\/lv\/wp-json\/wp\/v2\/product_cat?post=422"},{"taxonomy":"product_tag","embeddable":true,"href":"https:\/\/kumode.lv\/lv\/wp-json\/wp\/v2\/product_tag?post=422"}],"curies":[{"name":"wp","href":"https:\/\/api.w.org\/{rel}","templated":true}]}}