{"id":406,"date":"2021-06-08T13:28:22","date_gmt":"2021-06-08T10:28:22","guid":{"rendered":"https:\/\/kumodei.lionssolution.com\/?post_type=product&#038;p=406"},"modified":"2025-11-02T19:28:38","modified_gmt":"2025-11-02T17:28:38","slug":"dabigas-priedes-masivkoka-kumode-sokolade","status":"publish","type":"product","link":"https:\/\/kumode.lv\/lv\/product\/dabigas-priedes-masivkoka-kumode-sokolade\/","title":{"rendered":"Dab\u012bg\u0101s Priedes Mas\u012bvkoka Kumode \u201c\u0160okol\u0101de\u201d ar m\u012bksto aizv\u0113r\u0161anas meh\u0101nismu"},"content":{"rendered":"<p>&nbsp;<\/p>\n<div id='gallery-1' class='gallery galleryid-406 gallery-columns-4 gallery-size-thumbnail'><figure class='gallery-item'>\n\t\t\t<div class='gallery-icon landscape'>\n\t\t\t\t<a title=\"092307 - koloni\u0101ls tonis\" href='https:\/\/kumode.lv\/wp-content\/uploads\/2021\/07\/092307-kolonials-tonis.png'><img loading=\"lazy\" decoding=\"async\" width=\"150\" height=\"150\" src=\"https:\/\/kumode.lv\/wp-content\/uploads\/2021\/07\/092307-kolonials-tonis-150x150.png\" class=\"attachment-thumbnail size-thumbnail\" alt=\"\" srcset=\"https:\/\/kumode.lv\/wp-content\/uploads\/2021\/07\/092307-kolonials-tonis-150x150.png 150w, https:\/\/kumode.lv\/wp-content\/uploads\/2021\/07\/092307-kolonials-tonis-300x300.png 300w, https:\/\/kumode.lv\/wp-content\/uploads\/2021\/07\/092307-kolonials-tonis-100x100.png 100w, https:\/\/kumode.lv\/wp-content\/uploads\/2021\/07\/092307-kolonials-tonis.png 450w\" sizes=\"auto, (max-width: 150px) 100vw, 150px\" \/><\/a>\n\t\t\t<\/div><\/figure><figure class='gallery-item'>\n\t\t\t<div class='gallery-icon landscape'>\n\t\t\t\t<a title=\"092332 - medus tonis\" href='https:\/\/kumode.lv\/wp-content\/uploads\/2021\/07\/092332-medus-tonis.png'><img loading=\"lazy\" decoding=\"async\" width=\"150\" height=\"150\" src=\"https:\/\/kumode.lv\/wp-content\/uploads\/2021\/07\/092332-medus-tonis-150x150.png\" class=\"attachment-thumbnail size-thumbnail\" alt=\"\" srcset=\"https:\/\/kumode.lv\/wp-content\/uploads\/2021\/07\/092332-medus-tonis-150x150.png 150w, https:\/\/kumode.lv\/wp-content\/uploads\/2021\/07\/092332-medus-tonis-300x300.png 300w, https:\/\/kumode.lv\/wp-content\/uploads\/2021\/07\/092332-medus-tonis-100x100.png 100w, https:\/\/kumode.lv\/wp-content\/uploads\/2021\/07\/092332-medus-tonis.png 450w\" sizes=\"auto, (max-width: 150px) 100vw, 150px\" \/><\/a>\n\t\t\t<\/div><\/figure><figure class='gallery-item'>\n\t\t\t<div class='gallery-icon landscape'>\n\t\t\t\t<a title=\"092357 - Balts tonis\" href='https:\/\/kumode.lv\/wp-content\/uploads\/2021\/07\/092357-Balts-tonis.png'><img loading=\"lazy\" decoding=\"async\" width=\"150\" height=\"150\" src=\"https:\/\/kumode.lv\/wp-content\/uploads\/2021\/07\/092357-Balts-tonis-150x150.png\" class=\"attachment-thumbnail size-thumbnail\" alt=\"\" srcset=\"https:\/\/kumode.lv\/wp-content\/uploads\/2021\/07\/092357-Balts-tonis-150x150.png 150w, https:\/\/kumode.lv\/wp-content\/uploads\/2021\/07\/092357-Balts-tonis-300x300.png 300w, https:\/\/kumode.lv\/wp-content\/uploads\/2021\/07\/092357-Balts-tonis-100x100.png 100w, https:\/\/kumode.lv\/wp-content\/uploads\/2021\/07\/092357-Balts-tonis.png 450w\" sizes=\"auto, (max-width: 150px) 100vw, 150px\" \/><\/a>\n\t\t\t<\/div><\/figure><figure class='gallery-item'>\n\t\t\t<div class='gallery-icon landscape'>\n\t\t\t\t<a title=\"092412 - Natur\u0101ls tonis\" href='https:\/\/kumode.lv\/wp-content\/uploads\/2021\/07\/092412-Naturals-tonis.png'><img loading=\"lazy\" decoding=\"async\" width=\"150\" height=\"150\" src=\"https:\/\/kumode.lv\/wp-content\/uploads\/2021\/07\/092412-Naturals-tonis-150x150.png\" class=\"attachment-thumbnail size-thumbnail\" alt=\"\" srcset=\"https:\/\/kumode.lv\/wp-content\/uploads\/2021\/07\/092412-Naturals-tonis-150x150.png 150w, https:\/\/kumode.lv\/wp-content\/uploads\/2021\/07\/092412-Naturals-tonis-300x300.png 300w, https:\/\/kumode.lv\/wp-content\/uploads\/2021\/07\/092412-Naturals-tonis-100x100.png 100w, https:\/\/kumode.lv\/wp-content\/uploads\/2021\/07\/092412-Naturals-tonis.png 450w\" sizes=\"auto, (max-width: 150px) 100vw, 150px\" \/><\/a>\n\t\t\t<\/div><\/figure>\n\t\t<\/div>\n\n<p>Kumode noteikti ir viena no m\u0113bel\u0113m, bez kuras \u012bsti iztikt nevar, jo ne visu ir iesp\u0113jams salikt skap\u012b, turkl\u0101t ziemas u.c. sezonas ap\u0123\u0113rbi aiz\u0146em daudz vietas. Atrodoties skap\u012b, tie mais\u012btos un t\u0101p\u0113c tiem ir nepiecie\u0161ama speci\u0101la m\u0113bele, kas \u013caus tiem visiem b\u016bt vienkopus un ar\u012b \u0113rti pieejamiem. \u0160\u0101da veida m\u0113bele ir dab\u012bg\u0101s priedes mas\u012bvkoka kumode \u2018\u2018\u0160okol\u0101de\u2019\u2019, kas lieliski izskat\u012bsies gan koridor\u0101, gan gu\u013camistab\u0101 un cit\u0101s telp\u0101s, kur var\u0113tu rasties nepiecie\u0161am\u012bba p\u0113c t\u0101. Konkr\u0113t\u0101 m\u0113bele ir piln\u012bb\u0101 Latvijas ra\u017eojuma un \u013caus nov\u0113rt\u0113t uz ko ir sp\u0113j\u012bgi m\u016bsdienu latvie\u0161u ra\u017eot\u0101ji, k\u0101 ar\u012b nov\u0113rt\u0113t Latvijas me\u017eu resursus.<\/p>\n<p>Kumode \u2018\u2018\u0160okol\u0101de\u2019\u2019, k\u0101 jau pats nosaukums saka priek\u0161\u0101, vizu\u0101li atg\u0101dina nelielus taisnst\u016bra \u0161okol\u0101des t\u0101fel\u012btes, kas savienotas kop\u0101. Garenie taisnst\u016bra ievirz\u012bjumi veido savdab\u012bgu rokturi. M\u0113bele sast\u0101v no \u010detr\u0101m ietilp\u012bg\u0101m atvilktn\u0113m, kas \u013caus viegli sadal\u012bt liekos ap\u0123\u0113rbus un aksesu\u0101rus pa sezon\u0101m. Virs\u0113j\u0101 virsma ir ar\u012b pietieko\u0161i liela, lai uz t\u0101s novietotu k\u0101du interjera priek\u0161metu, augu vai ar\u012b vienk\u0101r\u0161i lietas, kuras vajadz\u012bgas, lai b\u016btu pa rokai. Iesp\u0113ja izv\u0113l\u0113ties da\u017e\u0101dus aizsargkr\u0101sas veidus k\u0101 sarkanbr\u016bnu, tum\u0161i br\u016bnu, gai\u0161i br\u016bnu, baltu, melnu vai tuvu caursp\u012bd\u012bgam, sniegs iesp\u0113ju kumodi viegli pieska\u0146ot p\u0101r\u0113j\u0101m m\u0113bel\u0113m, kas atrodas apk\u0101rt. Virs t\u0101s lieliski izskat\u012bsies ar\u012b no t\u0101s pa\u0161as s\u0113rijas veidotais spogulis. Kopum\u0101 kumode neaiz\u0146em tik daudz vietas, k\u0101 var\u0113tu likties, turkl\u0101t izv\u0113loties gai\u0161\u0101ku toni ir iesp\u0113jams ar to padar\u012bt telpu daudz gai\u0161\u0101ku.<\/p>\n<p>Dab\u012bg\u0101s priedes mas\u012bvkoka kumode \u2018\u2018\u0160okol\u0101de\u2019\u2019 b\u016bs lielisks papildin\u0101jums koridoram vai k\u0101dai citai telpai, kur nepiecie\u0161ams novietot p\u0101ri paliku\u0161os ap\u0123\u0113rbus vai aksesu\u0101rus. Iztur\u012bg\u0101 un pievilc\u012bg\u0101 koka konstrukcija kalpos daudzus gadus un priec\u0113s katru.<\/p>","protected":false},"excerpt":{"rendered":"<p><span style=\"font-size: 18px;\">Izm\u0113rs: AxPxD<\/span><\/p>\n","protected":false},"featured_media":407,"template":"","meta":[],"product_cat":[24],"product_tag":[],"class_list":["post-406","product","type-product","status-publish","has-post-thumbnail","hentry","product_cat-priedes-koka-kumodes"],"_links":{"self":[{"href":"https:\/\/kumode.lv\/lv\/wp-json\/wp\/v2\/product\/406","targetHints":{"allow":["GET"]}}],"collection":[{"href":"https:\/\/kumode.lv\/lv\/wp-json\/wp\/v2\/product"}],"about":[{"href":"https:\/\/kumode.lv\/lv\/wp-json\/wp\/v2\/types\/product"}],"wp:featuredmedia":[{"embeddable":true,"href":"https:\/\/kumode.lv\/lv\/wp-json\/wp\/v2\/media\/407"}],"wp:attachment":[{"href":"https:\/\/kumode.lv\/lv\/wp-json\/wp\/v2\/media?parent=406"}],"wp:term":[{"taxonomy":"product_cat","embeddable":true,"href":"https:\/\/kumode.lv\/lv\/wp-json\/wp\/v2\/product_cat?post=406"},{"taxonomy":"product_tag","embeddable":true,"href":"https:\/\/kumode.lv\/lv\/wp-json\/wp\/v2\/product_tag?post=406"}],"curies":[{"name":"wp","href":"https:\/\/api.w.org\/{rel}","templated":true}]}}