{"id":403,"date":"2021-06-08T12:48:02","date_gmt":"2021-06-08T09:48:02","guid":{"rendered":"https:\/\/kumodei.lionssolution.com\/?post_type=product&#038;p=403"},"modified":"2025-11-02T20:52:40","modified_gmt":"2025-11-02T18:52:40","slug":"dabigas-priedes-masivkoka-zig-zag-plaukts-amata-2","status":"publish","type":"product","link":"https:\/\/kumode.lv\/lv\/product\/dabigas-priedes-masivkoka-zig-zag-plaukts-amata-2\/","title":{"rendered":"Dab\u012bg\u0101s Priedes Mas\u012bvkoka Zig-Zag Plaukts \u201cAmata\u201d"},"content":{"rendered":"<p><\/p>\n<h2><\/h2>\n<div id='gallery-1' class='gallery galleryid-403 gallery-columns-4 gallery-size-thumbnail'><figure class='gallery-item'>\n\t\t\t<div class='gallery-icon landscape'>\n\t\t\t\t<a title=\"092307 - koloni\u0101ls tonis\" href='https:\/\/kumode.lv\/wp-content\/uploads\/2021\/07\/092307-kolonials-tonis.png'><img loading=\"lazy\" decoding=\"async\" width=\"150\" height=\"150\" src=\"https:\/\/kumode.lv\/wp-content\/uploads\/2021\/07\/092307-kolonials-tonis-150x150.png\" class=\"attachment-thumbnail size-thumbnail\" alt=\"\" srcset=\"https:\/\/kumode.lv\/wp-content\/uploads\/2021\/07\/092307-kolonials-tonis-150x150.png 150w, https:\/\/kumode.lv\/wp-content\/uploads\/2021\/07\/092307-kolonials-tonis-300x300.png 300w, https:\/\/kumode.lv\/wp-content\/uploads\/2021\/07\/092307-kolonials-tonis-100x100.png 100w, https:\/\/kumode.lv\/wp-content\/uploads\/2021\/07\/092307-kolonials-tonis.png 450w\" sizes=\"auto, (max-width: 150px) 100vw, 150px\" \/><\/a>\n\t\t\t<\/div><\/figure><figure class='gallery-item'>\n\t\t\t<div class='gallery-icon landscape'>\n\t\t\t\t<a title=\"092332 - medus tonis\" href='https:\/\/kumode.lv\/wp-content\/uploads\/2021\/07\/092332-medus-tonis.png'><img loading=\"lazy\" decoding=\"async\" width=\"150\" height=\"150\" src=\"https:\/\/kumode.lv\/wp-content\/uploads\/2021\/07\/092332-medus-tonis-150x150.png\" class=\"attachment-thumbnail size-thumbnail\" alt=\"\" srcset=\"https:\/\/kumode.lv\/wp-content\/uploads\/2021\/07\/092332-medus-tonis-150x150.png 150w, https:\/\/kumode.lv\/wp-content\/uploads\/2021\/07\/092332-medus-tonis-300x300.png 300w, https:\/\/kumode.lv\/wp-content\/uploads\/2021\/07\/092332-medus-tonis-100x100.png 100w, https:\/\/kumode.lv\/wp-content\/uploads\/2021\/07\/092332-medus-tonis.png 450w\" sizes=\"auto, (max-width: 150px) 100vw, 150px\" \/><\/a>\n\t\t\t<\/div><\/figure><figure class='gallery-item'>\n\t\t\t<div class='gallery-icon landscape'>\n\t\t\t\t<a title=\"092357 - Balts tonis\" href='https:\/\/kumode.lv\/wp-content\/uploads\/2021\/07\/092357-Balts-tonis.png'><img loading=\"lazy\" decoding=\"async\" width=\"150\" height=\"150\" src=\"https:\/\/kumode.lv\/wp-content\/uploads\/2021\/07\/092357-Balts-tonis-150x150.png\" class=\"attachment-thumbnail size-thumbnail\" alt=\"\" srcset=\"https:\/\/kumode.lv\/wp-content\/uploads\/2021\/07\/092357-Balts-tonis-150x150.png 150w, https:\/\/kumode.lv\/wp-content\/uploads\/2021\/07\/092357-Balts-tonis-300x300.png 300w, https:\/\/kumode.lv\/wp-content\/uploads\/2021\/07\/092357-Balts-tonis-100x100.png 100w, https:\/\/kumode.lv\/wp-content\/uploads\/2021\/07\/092357-Balts-tonis.png 450w\" sizes=\"auto, (max-width: 150px) 100vw, 150px\" \/><\/a>\n\t\t\t<\/div><\/figure><figure class='gallery-item'>\n\t\t\t<div class='gallery-icon landscape'>\n\t\t\t\t<a title=\"092412 - Natur\u0101ls tonis\" href='https:\/\/kumode.lv\/wp-content\/uploads\/2021\/07\/092412-Naturals-tonis.png'><img loading=\"lazy\" decoding=\"async\" width=\"150\" height=\"150\" src=\"https:\/\/kumode.lv\/wp-content\/uploads\/2021\/07\/092412-Naturals-tonis-150x150.png\" class=\"attachment-thumbnail size-thumbnail\" alt=\"\" srcset=\"https:\/\/kumode.lv\/wp-content\/uploads\/2021\/07\/092412-Naturals-tonis-150x150.png 150w, https:\/\/kumode.lv\/wp-content\/uploads\/2021\/07\/092412-Naturals-tonis-300x300.png 300w, https:\/\/kumode.lv\/wp-content\/uploads\/2021\/07\/092412-Naturals-tonis-100x100.png 100w, https:\/\/kumode.lv\/wp-content\/uploads\/2021\/07\/092412-Naturals-tonis.png 450w\" sizes=\"auto, (max-width: 150px) 100vw, 150px\" \/><\/a>\n\t\t\t<\/div><\/figure>\n\t\t<\/div>\n\n<p>&nbsp;<\/p>\n<p>&nbsp;<\/p>\n<p>Ir pieejami da\u017e\u0101di plauktu risin\u0101jumi, kas \u013caus atrast ieder\u012bgu vietu praktiski katr\u0101 telp\u0101. K\u0101 viens no risin\u0101jumiem tiek pied\u0101v\u0101ts dab\u012bg\u0101s priedes mas\u012bvkoka Zig-Zag plaukts \u2018\u2018Amata\u2019\u2019, kas k\u0101 jau var noprast, ir izgatavots no Latvij\u0101 augu\u0161as priedes un pateicoties modern\u0101m tehnolo\u0123ij\u0101m un pieejai, ir sasniedzis est\u0113tiski pievilc\u012bgu izskatu un noder\u0113s ar\u012b funkcion\u0101li. T\u0101 k\u0101 koka m\u0113beles tiek izmantotas jau vair\u0101ku gadu garum\u0101, var b\u016bt dro\u0161\u012bbas saj\u016bta, ka ieg\u0101d\u0101joties Zig-Zag plauktu, tas neizies no modes un kalpos v\u0113l ilgu laiku.<\/p>\n<p>\u2018\u2018Amata\u2019\u2019 plaukts sast\u0101v pamat\u0101 no tr\u012bs virsm\u0101m, uz kur\u0101m var tikt izvietotas da\u017e\u0101das lietas un augi. Papildus tam ir izmantotas ar\u012b sp\u012bd\u012bga met\u0101la deta\u013cas, kas pie\u0161\u0137ir modern\u0101ku izskatu. T\u0101 k\u0101 savienojuma vietas ir profesion\u0101li nofiks\u0113tas, nav pamata dom\u0101t, ka laika gait\u0101 plaukts var\u0113tu izjukt vai vienk\u0101r\u0161i neiztur\u0113t p\u0101rlieku lielo smagumu. Svar\u012bgi ir lai tas b\u016btu pareizi nostiprin\u0101ts pie sienas. \u0160\u0101da veida Zig-Zag plaukt\u0101 ir izdev\u012bgi izvietot lietas, kas ir vien\u0101das, t\u0101d\u0113j\u0101di pastiprinot simetrijas izj\u016btu. Aug\u0161\u0113j\u0101 plaukta da\u013ca \u013caus izvietot lietas praktiski bez izm\u0113ra ierobe\u017eojumiem. Pieejamas ir ar\u012b da\u017e\u0101das kr\u0101sa un nokr\u0101sas, kas kalpo ne tikai k\u0101 aizsargk\u0101rta pret nev\u0113lamiem apst\u0101k\u013ciem, bet ar\u012b pal\u012bdz pieska\u0146oties p\u0101r\u0113jam interjeram \u2013 sarkanbr\u016bna, tum\u0161i br\u016bna, gai\u0161i br\u016bna, balta, melna, dabiska koka. Izv\u0113loties gai\u0161\u0101ku toni, koka dabiskais tonis tiek vair\u0101k izcelts.<\/p>\n<p>Dab\u012bg\u0101s priedes mas\u012bvkoka Zig-Zag plaukts \u2018\u2018Amata\u2019\u2019 b\u016bs lieliska izv\u0113le praktiski jebkur\u0101 telp\u0101 un viet\u0101. Tas ir viegli piestiprin\u0101ms, k\u0101 ar\u012b ievietot taj\u0101 da\u017e\u0101das sev svar\u012bgas lietas nav gr\u016bti. Dinamiskais dizains pie\u0161\u0137irs telpai akt\u012bv\u0101ku un dabisk\u0101ku gaisotni, kas ir \u013coti v\u0113lama, lai telp\u0101 cilv\u0113ki justos p\u0113c iesp\u0113jas \u0113rt\u0101k.<\/p>","protected":false},"excerpt":{"rendered":"<p><span style=\"font-size: 18px;\">Izm\u0113rs: PxAxD<\/span><\/p>\n","protected":false},"featured_media":404,"template":"","meta":[],"product_cat":[23],"product_tag":[],"class_list":["post-403","product","type-product","status-publish","has-post-thumbnail","hentry","product_cat-priedes-koka-plaukti"],"_links":{"self":[{"href":"https:\/\/kumode.lv\/lv\/wp-json\/wp\/v2\/product\/403","targetHints":{"allow":["GET"]}}],"collection":[{"href":"https:\/\/kumode.lv\/lv\/wp-json\/wp\/v2\/product"}],"about":[{"href":"https:\/\/kumode.lv\/lv\/wp-json\/wp\/v2\/types\/product"}],"wp:featuredmedia":[{"embeddable":true,"href":"https:\/\/kumode.lv\/lv\/wp-json\/wp\/v2\/media\/404"}],"wp:attachment":[{"href":"https:\/\/kumode.lv\/lv\/wp-json\/wp\/v2\/media?parent=403"}],"wp:term":[{"taxonomy":"product_cat","embeddable":true,"href":"https:\/\/kumode.lv\/lv\/wp-json\/wp\/v2\/product_cat?post=403"},{"taxonomy":"product_tag","embeddable":true,"href":"https:\/\/kumode.lv\/lv\/wp-json\/wp\/v2\/product_tag?post=403"}],"curies":[{"name":"wp","href":"https:\/\/api.w.org\/{rel}","templated":true}]}}