{"id":393,"date":"2021-06-08T12:36:51","date_gmt":"2021-06-08T09:36:51","guid":{"rendered":"https:\/\/kumodei.lionssolution.com\/?post_type=product&#038;p=393"},"modified":"2025-11-02T20:58:55","modified_gmt":"2025-11-02T18:58:55","slug":"dabigas-priedes-masivkoka-zig-zag-plaukts","status":"publish","type":"product","link":"https:\/\/kumode.lv\/lv\/product\/dabigas-priedes-masivkoka-zig-zag-plaukts\/","title":{"rendered":"Mas\u012bvkoka Priedes Zig-zag plaukts"},"content":{"rendered":"<p><div id='gallery-1' class='gallery galleryid-393 gallery-columns-4 gallery-size-thumbnail'><figure class='gallery-item'>\n\t\t\t<div class='gallery-icon landscape'>\n\t\t\t\t<a title=\"092307 - koloni\u0101ls tonis\" href='https:\/\/kumode.lv\/wp-content\/uploads\/2021\/07\/092307-kolonials-tonis.png'><img loading=\"lazy\" decoding=\"async\" width=\"150\" height=\"150\" src=\"https:\/\/kumode.lv\/wp-content\/uploads\/2021\/07\/092307-kolonials-tonis-150x150.png\" class=\"attachment-thumbnail size-thumbnail\" alt=\"\" srcset=\"https:\/\/kumode.lv\/wp-content\/uploads\/2021\/07\/092307-kolonials-tonis-150x150.png 150w, https:\/\/kumode.lv\/wp-content\/uploads\/2021\/07\/092307-kolonials-tonis-300x300.png 300w, https:\/\/kumode.lv\/wp-content\/uploads\/2021\/07\/092307-kolonials-tonis-100x100.png 100w, https:\/\/kumode.lv\/wp-content\/uploads\/2021\/07\/092307-kolonials-tonis.png 450w\" sizes=\"auto, (max-width: 150px) 100vw, 150px\" \/><\/a>\n\t\t\t<\/div><\/figure><figure class='gallery-item'>\n\t\t\t<div class='gallery-icon landscape'>\n\t\t\t\t<a title=\"092332 - medus tonis\" href='https:\/\/kumode.lv\/wp-content\/uploads\/2021\/07\/092332-medus-tonis.png'><img loading=\"lazy\" decoding=\"async\" width=\"150\" height=\"150\" src=\"https:\/\/kumode.lv\/wp-content\/uploads\/2021\/07\/092332-medus-tonis-150x150.png\" class=\"attachment-thumbnail size-thumbnail\" alt=\"\" srcset=\"https:\/\/kumode.lv\/wp-content\/uploads\/2021\/07\/092332-medus-tonis-150x150.png 150w, https:\/\/kumode.lv\/wp-content\/uploads\/2021\/07\/092332-medus-tonis-300x300.png 300w, https:\/\/kumode.lv\/wp-content\/uploads\/2021\/07\/092332-medus-tonis-100x100.png 100w, https:\/\/kumode.lv\/wp-content\/uploads\/2021\/07\/092332-medus-tonis.png 450w\" sizes=\"auto, (max-width: 150px) 100vw, 150px\" \/><\/a>\n\t\t\t<\/div><\/figure><figure class='gallery-item'>\n\t\t\t<div class='gallery-icon landscape'>\n\t\t\t\t<a title=\"092357 - Balts tonis\" href='https:\/\/kumode.lv\/wp-content\/uploads\/2021\/07\/092357-Balts-tonis.png'><img loading=\"lazy\" decoding=\"async\" width=\"150\" height=\"150\" src=\"https:\/\/kumode.lv\/wp-content\/uploads\/2021\/07\/092357-Balts-tonis-150x150.png\" class=\"attachment-thumbnail size-thumbnail\" alt=\"\" srcset=\"https:\/\/kumode.lv\/wp-content\/uploads\/2021\/07\/092357-Balts-tonis-150x150.png 150w, https:\/\/kumode.lv\/wp-content\/uploads\/2021\/07\/092357-Balts-tonis-300x300.png 300w, https:\/\/kumode.lv\/wp-content\/uploads\/2021\/07\/092357-Balts-tonis-100x100.png 100w, https:\/\/kumode.lv\/wp-content\/uploads\/2021\/07\/092357-Balts-tonis.png 450w\" sizes=\"auto, (max-width: 150px) 100vw, 150px\" \/><\/a>\n\t\t\t<\/div><\/figure><figure class='gallery-item'>\n\t\t\t<div class='gallery-icon landscape'>\n\t\t\t\t<a title=\"092412 - Natur\u0101ls tonis\" href='https:\/\/kumode.lv\/wp-content\/uploads\/2021\/07\/092412-Naturals-tonis.png'><img loading=\"lazy\" decoding=\"async\" width=\"150\" height=\"150\" src=\"https:\/\/kumode.lv\/wp-content\/uploads\/2021\/07\/092412-Naturals-tonis-150x150.png\" class=\"attachment-thumbnail size-thumbnail\" alt=\"\" srcset=\"https:\/\/kumode.lv\/wp-content\/uploads\/2021\/07\/092412-Naturals-tonis-150x150.png 150w, https:\/\/kumode.lv\/wp-content\/uploads\/2021\/07\/092412-Naturals-tonis-300x300.png 300w, https:\/\/kumode.lv\/wp-content\/uploads\/2021\/07\/092412-Naturals-tonis-100x100.png 100w, https:\/\/kumode.lv\/wp-content\/uploads\/2021\/07\/092412-Naturals-tonis.png 450w\" sizes=\"auto, (max-width: 150px) 100vw, 150px\" \/><\/a>\n\t\t\t<\/div><\/figure>\n\t\t<\/div>\n<\/p>\n<p>&nbsp;<\/p>\n<p>Nenoliedzami m\u016bsdien\u0101s ir pieejamas da\u017e\u0101das vari\u0101cijas plauktiem, kas sp\u0113j ieder\u0113ties visda\u017e\u0101d\u0101kajos interjeros, k\u0101 ar\u012b izpilda da\u017e\u0101du klientu v\u0113lmes. K\u0101 viens no Latvij\u0101 ra\u017eotiem m\u0113be\u013cu veidiem \u0161aj\u0101 sakar\u0101 ir dab\u012bg\u0101s priedes mas\u012bvkoka Zig-Zag plaukts, kas lieliski ieder\u0113sies da\u017e\u0101d\u0101s telp\u0101s, kur ir tendence uz vienk\u0101r\u0161\u012bbu un m\u0101j\u012bgumu. K\u0101 pier\u0101d\u012bts, moka m\u0113beles neiziet no modes, t\u0101tad nav nepiecie\u0161am\u012bbas ar\u012b ieg\u0101d\u0101ties jaunas m\u0113beles p\u0101r\u0101k bie\u017ei bez iemesla. Vien\u012bgais iemesls var\u0113tu b\u016bt, ja m\u0113bele vairs nesp\u0113tu pild\u012bt savas funkcijas, bet t\u0101 k\u0101 Zig-Zag plaukti ir izgatavoti no mas\u012bvkoka, to iztur\u012bba ir ilgtermi\u0146\u0101 neap\u0161aub\u0101ma.<\/p>\n<p>Mas\u012bvkoka Zig-Zag plaukts ir izgatavots no Latvij\u0101 augu\u0161as priedes un pateicoties modernaj\u0101m tehnolo\u0123ij\u0101m, ieguvis lielisku est\u0113tisko pievilc\u012bbu. Tas ir dinamiskas formas ar noapa\u013cot\u0101m mal\u0101m. \u0160\u0101da veida risin\u0101jums sevi\u0161\u0137i labi izskat\u012bsies st\u016br\u012b. Uz plaukta var izvietot da\u017e\u0101das nelielas, bet svar\u012bgas lietas k\u0101 fotogr\u0101fijas vai suven\u012brus. Iztur\u012bg\u0101 konstrukcija garant\u0113s to, ka laika gait\u0101 t\u0101 nezaud\u0113s savu funkcionalit\u0101ti, k\u0101 ar\u012b sp\u0113s iztur\u0113t da\u017e\u0101du priek\u0161metu smagumu. Svar\u012bgi ir tikai par\u016bp\u0113ties, lai Zig-Zag plauks b\u016btu pareizi nostiprin\u0101ts. Pieejamas ir ar\u012b da\u017e\u0101das t\u0101 kr\u0101sas un to\u0146i \u2013 gai\u0161i br\u016bns, tum\u0161i br\u016bns, balts, melns u.c. Gai\u0161\u0101ka to\u0146a izv\u0113les gad\u012bjum\u0101 tas izce\u013c vair\u0101k dab\u012bgo koka strukt\u016bru, kas savuk\u0101rt paspilgtina individualit\u0101tes un m\u0101j\u012bguma saj\u016btu.<\/p>\n<p>Dab\u012bg\u0101s priedes mas\u012bvkoka Zig-Zag plaukts b\u016bs lieliska izv\u0113le da\u017e\u0101d\u0101m telp\u0101m, jo tas neaiz\u0146em daudz vietas, k\u0101 ar\u012b ir est\u0113tiski pievilc\u012bgs un nezaud\u0113s savu funkcionalit\u0101ti laika gait\u0101. K\u0101 jau koka m\u0113bele, t\u0101 b\u016bs aktu\u0101la un ieder\u012bga praktiski jebkur\u0101 interjer\u0101 un jebkur\u0101 laik\u0101. Viss ir atkar\u012bgs vien\u012bgi no t\u0101, kam t\u0101 tiks pielietota un kur tie\u0161i pie sienas plaukts atrad\u012bsies.<\/p>","protected":false},"excerpt":{"rendered":"<p><span style=\"font-size: 18px;\">Izm\u0113rs: AxPxD<\/span><\/p>\n","protected":false},"featured_media":395,"template":"","meta":[],"product_cat":[23],"product_tag":[],"class_list":["post-393","product","type-product","status-publish","has-post-thumbnail","hentry","product_cat-priedes-koka-plaukti"],"_links":{"self":[{"href":"https:\/\/kumode.lv\/lv\/wp-json\/wp\/v2\/product\/393","targetHints":{"allow":["GET"]}}],"collection":[{"href":"https:\/\/kumode.lv\/lv\/wp-json\/wp\/v2\/product"}],"about":[{"href":"https:\/\/kumode.lv\/lv\/wp-json\/wp\/v2\/types\/product"}],"wp:featuredmedia":[{"embeddable":true,"href":"https:\/\/kumode.lv\/lv\/wp-json\/wp\/v2\/media\/395"}],"wp:attachment":[{"href":"https:\/\/kumode.lv\/lv\/wp-json\/wp\/v2\/media?parent=393"}],"wp:term":[{"taxonomy":"product_cat","embeddable":true,"href":"https:\/\/kumode.lv\/lv\/wp-json\/wp\/v2\/product_cat?post=393"},{"taxonomy":"product_tag","embeddable":true,"href":"https:\/\/kumode.lv\/lv\/wp-json\/wp\/v2\/product_tag?post=393"}],"curies":[{"name":"wp","href":"https:\/\/api.w.org\/{rel}","templated":true}]}}