{"id":334,"date":"2021-06-08T10:01:44","date_gmt":"2021-06-08T07:01:44","guid":{"rendered":"https:\/\/kumodei.lionssolution.com\/?post_type=product&#038;p=334"},"modified":"2025-11-02T20:10:37","modified_gmt":"2025-11-02T18:10:37","slug":"dabigas-priedes-masivkoka-taburete-pufiks","status":"publish","type":"product","link":"https:\/\/kumode.lv\/lv\/product\/dabigas-priedes-masivkoka-taburete-pufiks\/","title":{"rendered":"Dab\u012bg\u0101s Priedes Mas\u012bvkoka Taburete \u201cPufiks\u201d"},"content":{"rendered":"<p><div id='gallery-1' class='gallery galleryid-334 gallery-columns-4 gallery-size-thumbnail'><figure class='gallery-item'>\n\t\t\t<div class='gallery-icon landscape'>\n\t\t\t\t<a title=\"092307 - koloni\u0101ls tonis\" href='https:\/\/kumode.lv\/wp-content\/uploads\/2021\/07\/092307-kolonials-tonis.png'><img loading=\"lazy\" decoding=\"async\" width=\"150\" height=\"150\" src=\"https:\/\/kumode.lv\/wp-content\/uploads\/2021\/07\/092307-kolonials-tonis-150x150.png\" class=\"attachment-thumbnail size-thumbnail\" alt=\"\" srcset=\"https:\/\/kumode.lv\/wp-content\/uploads\/2021\/07\/092307-kolonials-tonis-150x150.png 150w, https:\/\/kumode.lv\/wp-content\/uploads\/2021\/07\/092307-kolonials-tonis-300x300.png 300w, https:\/\/kumode.lv\/wp-content\/uploads\/2021\/07\/092307-kolonials-tonis-100x100.png 100w, https:\/\/kumode.lv\/wp-content\/uploads\/2021\/07\/092307-kolonials-tonis.png 450w\" sizes=\"auto, (max-width: 150px) 100vw, 150px\" \/><\/a>\n\t\t\t<\/div><\/figure><figure class='gallery-item'>\n\t\t\t<div class='gallery-icon landscape'>\n\t\t\t\t<a title=\"092332 - medus tonis\" href='https:\/\/kumode.lv\/wp-content\/uploads\/2021\/07\/092332-medus-tonis.png'><img loading=\"lazy\" decoding=\"async\" width=\"150\" height=\"150\" src=\"https:\/\/kumode.lv\/wp-content\/uploads\/2021\/07\/092332-medus-tonis-150x150.png\" class=\"attachment-thumbnail size-thumbnail\" alt=\"\" srcset=\"https:\/\/kumode.lv\/wp-content\/uploads\/2021\/07\/092332-medus-tonis-150x150.png 150w, https:\/\/kumode.lv\/wp-content\/uploads\/2021\/07\/092332-medus-tonis-300x300.png 300w, https:\/\/kumode.lv\/wp-content\/uploads\/2021\/07\/092332-medus-tonis-100x100.png 100w, https:\/\/kumode.lv\/wp-content\/uploads\/2021\/07\/092332-medus-tonis.png 450w\" sizes=\"auto, (max-width: 150px) 100vw, 150px\" \/><\/a>\n\t\t\t<\/div><\/figure><figure class='gallery-item'>\n\t\t\t<div class='gallery-icon landscape'>\n\t\t\t\t<a title=\"092357 - Balts tonis\" href='https:\/\/kumode.lv\/wp-content\/uploads\/2021\/07\/092357-Balts-tonis.png'><img loading=\"lazy\" decoding=\"async\" width=\"150\" height=\"150\" src=\"https:\/\/kumode.lv\/wp-content\/uploads\/2021\/07\/092357-Balts-tonis-150x150.png\" class=\"attachment-thumbnail size-thumbnail\" alt=\"\" srcset=\"https:\/\/kumode.lv\/wp-content\/uploads\/2021\/07\/092357-Balts-tonis-150x150.png 150w, https:\/\/kumode.lv\/wp-content\/uploads\/2021\/07\/092357-Balts-tonis-300x300.png 300w, https:\/\/kumode.lv\/wp-content\/uploads\/2021\/07\/092357-Balts-tonis-100x100.png 100w, https:\/\/kumode.lv\/wp-content\/uploads\/2021\/07\/092357-Balts-tonis.png 450w\" sizes=\"auto, (max-width: 150px) 100vw, 150px\" \/><\/a>\n\t\t\t<\/div><\/figure><figure class='gallery-item'>\n\t\t\t<div class='gallery-icon landscape'>\n\t\t\t\t<a title=\"092412 - Natur\u0101ls tonis\" href='https:\/\/kumode.lv\/wp-content\/uploads\/2021\/07\/092412-Naturals-tonis.png'><img loading=\"lazy\" decoding=\"async\" width=\"150\" height=\"150\" src=\"https:\/\/kumode.lv\/wp-content\/uploads\/2021\/07\/092412-Naturals-tonis-150x150.png\" class=\"attachment-thumbnail size-thumbnail\" alt=\"\" srcset=\"https:\/\/kumode.lv\/wp-content\/uploads\/2021\/07\/092412-Naturals-tonis-150x150.png 150w, https:\/\/kumode.lv\/wp-content\/uploads\/2021\/07\/092412-Naturals-tonis-300x300.png 300w, https:\/\/kumode.lv\/wp-content\/uploads\/2021\/07\/092412-Naturals-tonis-100x100.png 100w, https:\/\/kumode.lv\/wp-content\/uploads\/2021\/07\/092412-Naturals-tonis.png 450w\" sizes=\"auto, (max-width: 150px) 100vw, 150px\" \/><\/a>\n\t\t\t<\/div><\/figure>\n\t\t<\/div>\n<\/p>\n<p>Ir da\u017e\u0101di veidi m\u0113be\u013cu, kas ir paredz\u0113ti s\u0113d\u0113\u0161anai. Katrs var izv\u0113l\u0113ties sev t\u012bkam\u0101ko bez probl\u0113m\u0101m, jo ra\u017eot\u0101ji pied\u0101v\u0101 visda\u017e\u0101d\u0101kos risin\u0101jums, kas b\u016bs piem\u0113roti gan priv\u0101tm\u0101ju, gan dz\u012bvok\u013cu telp\u0101m, k\u0101 ar\u012b da\u017e\u0101du izm\u0113ru telp\u0101m. K\u0101 vienu no pied\u0101v\u0101jumiem var min\u0113t Latvij\u0101 ra\u017eotu dab\u012bg\u0101s priedes mas\u012bvkoka tabureti \u2018\u2018Pufiks\u2019\u2019. Tas ir lielisks uzlabojums parastai taburetei, jo tam ir pievienots m\u012bkst\u0101ka apvalks, kas ir \u0113rts s\u0113d\u0113\u0161anai un ar\u012b viegli kopjams. Katrs pats var p\u0101rliecin\u0101ties par \u0161\u0101da risin\u0101juma noder\u012bbu neatkar\u012bgi no t\u0101, kur pl\u0101nots novietot tabureti. T\u0101 ir \u0113rti p\u0101rvietojama un pielietojama ar\u012b vair\u0101kiem cilv\u0113kiem, ja rodas t\u0101da nepiecie\u0161am\u012bba.<\/p>\n<p>\u2018\u2018Pufiks\u2019\u2019 jau p\u0113c nosaukuma vien liek saprast, ka tas b\u016bs izteikti \u0113rts un m\u012bksts risin\u0101jums katram, kur\u0161 v\u0113las \u0113rti s\u0113d\u0113t uz m\u012bkstas virsmas, nevis vienk\u0101r\u0161a koka. Pats pamats, protams, ir izgatavots no mas\u012bvkoka, kas ieg\u016bts no Latvij\u0101 augu\u0161as priedes. Pateicoties modernai apstr\u0101des tehnikai, ir ieg\u016bts lieliska m\u0113bele. Virs\u016b uzlikt\u0101 m\u012bkst\u0101 k\u0101rta, kas apausta ar \u0101du ir lielisks papildin\u0101jums, lai piln\u012bb\u0101 izbaud\u012btu taburetes \u0113rt\u012bbas. Ir pieejami ar\u012b ne tikai da\u017e\u0101das kr\u0101sas koka apstr\u0101de (balts, gai\u0161i br\u016bns, tum\u0161i br\u016bns, sarkanbr\u016bns u.c.), bet ar\u012b da\u017e\u0101ds kr\u0101sas virs\u0113j\u0101 k\u0101rta, k\u0101 piem\u0113ram, melnas virs\u0113j\u0101s kr\u0101sas taburetei ar\u012b m\u012bkst\u0101 da\u013ca b\u016bs meln\u0101 kr\u0101s\u0101. T\u0101 k\u0101 virs\u0113j\u0101 k\u0101rta ir apvilkta ar \u0101du, neb\u016bs gr\u016bti uzturama k\u0101rt\u012bb\u0101, k\u0101 ar\u012b net\u012brumi uz t\u0101s neb\u016bs tik viegli paman\u0101mi.<\/p>\n<p>Dab\u012bg\u0101s priedes mas\u012bvkoka tabureti \u2018\u2018Pufiks\u2019\u2019 ir lieliska izv\u0113le tiem, kas v\u0113las pam\u0113\u0123in\u0101t jauna veida m\u0113beli, kas ir daudz \u0113rt\u0101ka par vienk\u0101r\u0161u tabureti. T\u0101 pilda savas funkcijas daudz augst\u0101k\u0101 l\u012bmen\u012b, turkl\u0101t ir viegli p\u0101rvietojama uz nepiecie\u0161amo telpu.<\/p>","protected":false},"excerpt":{"rendered":"<p><span style=\"color: #000000;\"><span style=\"font-size: 18px;\">Izm\u0113rs: AxPxD<\/span><\/span><\/p>\n","protected":false},"featured_media":333,"template":"","meta":[],"product_cat":[26,21],"product_tag":[],"class_list":["post-334","product","type-product","status-publish","has-post-thumbnail","hentry","product_cat-priedes-gulamistaba","product_cat-priedes-koka-taburetes"],"_links":{"self":[{"href":"https:\/\/kumode.lv\/lv\/wp-json\/wp\/v2\/product\/334","targetHints":{"allow":["GET"]}}],"collection":[{"href":"https:\/\/kumode.lv\/lv\/wp-json\/wp\/v2\/product"}],"about":[{"href":"https:\/\/kumode.lv\/lv\/wp-json\/wp\/v2\/types\/product"}],"wp:featuredmedia":[{"embeddable":true,"href":"https:\/\/kumode.lv\/lv\/wp-json\/wp\/v2\/media\/333"}],"wp:attachment":[{"href":"https:\/\/kumode.lv\/lv\/wp-json\/wp\/v2\/media?parent=334"}],"wp:term":[{"taxonomy":"product_cat","embeddable":true,"href":"https:\/\/kumode.lv\/lv\/wp-json\/wp\/v2\/product_cat?post=334"},{"taxonomy":"product_tag","embeddable":true,"href":"https:\/\/kumode.lv\/lv\/wp-json\/wp\/v2\/product_tag?post=334"}],"curies":[{"name":"wp","href":"https:\/\/api.w.org\/{rel}","templated":true}]}}