{"id":323,"date":"2021-06-08T09:51:33","date_gmt":"2021-06-08T06:51:33","guid":{"rendered":"https:\/\/kumodei.lionssolution.com\/?post_type=product&#038;p=323"},"modified":"2025-11-02T21:00:28","modified_gmt":"2025-11-02T19:00:28","slug":"dabigas-priedes-masivkoka-keblitis","status":"publish","type":"product","link":"https:\/\/kumode.lv\/lv\/product\/dabigas-priedes-masivkoka-keblitis\/","title":{"rendered":"Dab\u012bg\u0101s Priedes Mas\u012bvkoka \u0136ebl\u012btis"},"content":{"rendered":"<p><div id='gallery-1' class='gallery galleryid-323 gallery-columns-4 gallery-size-thumbnail'><figure class='gallery-item'>\n\t\t\t<div class='gallery-icon landscape'>\n\t\t\t\t<a title=\"092307 - koloni\u0101ls tonis\" href='https:\/\/kumode.lv\/wp-content\/uploads\/2021\/07\/092307-kolonials-tonis.png'><img loading=\"lazy\" decoding=\"async\" width=\"150\" height=\"150\" src=\"https:\/\/kumode.lv\/wp-content\/uploads\/2021\/07\/092307-kolonials-tonis-150x150.png\" class=\"attachment-thumbnail size-thumbnail\" alt=\"\" srcset=\"https:\/\/kumode.lv\/wp-content\/uploads\/2021\/07\/092307-kolonials-tonis-150x150.png 150w, https:\/\/kumode.lv\/wp-content\/uploads\/2021\/07\/092307-kolonials-tonis-300x300.png 300w, https:\/\/kumode.lv\/wp-content\/uploads\/2021\/07\/092307-kolonials-tonis-100x100.png 100w, https:\/\/kumode.lv\/wp-content\/uploads\/2021\/07\/092307-kolonials-tonis.png 450w\" sizes=\"auto, (max-width: 150px) 100vw, 150px\" \/><\/a>\n\t\t\t<\/div><\/figure><figure class='gallery-item'>\n\t\t\t<div class='gallery-icon landscape'>\n\t\t\t\t<a title=\"092332 - medus tonis\" href='https:\/\/kumode.lv\/wp-content\/uploads\/2021\/07\/092332-medus-tonis.png'><img loading=\"lazy\" decoding=\"async\" width=\"150\" height=\"150\" src=\"https:\/\/kumode.lv\/wp-content\/uploads\/2021\/07\/092332-medus-tonis-150x150.png\" class=\"attachment-thumbnail size-thumbnail\" alt=\"\" srcset=\"https:\/\/kumode.lv\/wp-content\/uploads\/2021\/07\/092332-medus-tonis-150x150.png 150w, https:\/\/kumode.lv\/wp-content\/uploads\/2021\/07\/092332-medus-tonis-300x300.png 300w, https:\/\/kumode.lv\/wp-content\/uploads\/2021\/07\/092332-medus-tonis-100x100.png 100w, https:\/\/kumode.lv\/wp-content\/uploads\/2021\/07\/092332-medus-tonis.png 450w\" sizes=\"auto, (max-width: 150px) 100vw, 150px\" \/><\/a>\n\t\t\t<\/div><\/figure><figure class='gallery-item'>\n\t\t\t<div class='gallery-icon landscape'>\n\t\t\t\t<a title=\"092357 - Balts tonis\" href='https:\/\/kumode.lv\/wp-content\/uploads\/2021\/07\/092357-Balts-tonis.png'><img loading=\"lazy\" decoding=\"async\" width=\"150\" height=\"150\" src=\"https:\/\/kumode.lv\/wp-content\/uploads\/2021\/07\/092357-Balts-tonis-150x150.png\" class=\"attachment-thumbnail size-thumbnail\" alt=\"\" srcset=\"https:\/\/kumode.lv\/wp-content\/uploads\/2021\/07\/092357-Balts-tonis-150x150.png 150w, https:\/\/kumode.lv\/wp-content\/uploads\/2021\/07\/092357-Balts-tonis-300x300.png 300w, https:\/\/kumode.lv\/wp-content\/uploads\/2021\/07\/092357-Balts-tonis-100x100.png 100w, https:\/\/kumode.lv\/wp-content\/uploads\/2021\/07\/092357-Balts-tonis.png 450w\" sizes=\"auto, (max-width: 150px) 100vw, 150px\" \/><\/a>\n\t\t\t<\/div><\/figure><figure class='gallery-item'>\n\t\t\t<div class='gallery-icon landscape'>\n\t\t\t\t<a title=\"092412 - Natur\u0101ls tonis\" href='https:\/\/kumode.lv\/wp-content\/uploads\/2021\/07\/092412-Naturals-tonis.png'><img loading=\"lazy\" decoding=\"async\" width=\"150\" height=\"150\" src=\"https:\/\/kumode.lv\/wp-content\/uploads\/2021\/07\/092412-Naturals-tonis-150x150.png\" class=\"attachment-thumbnail size-thumbnail\" alt=\"\" srcset=\"https:\/\/kumode.lv\/wp-content\/uploads\/2021\/07\/092412-Naturals-tonis-150x150.png 150w, https:\/\/kumode.lv\/wp-content\/uploads\/2021\/07\/092412-Naturals-tonis-300x300.png 300w, https:\/\/kumode.lv\/wp-content\/uploads\/2021\/07\/092412-Naturals-tonis-100x100.png 100w, https:\/\/kumode.lv\/wp-content\/uploads\/2021\/07\/092412-Naturals-tonis.png 450w\" sizes=\"auto, (max-width: 150px) 100vw, 150px\" \/><\/a>\n\t\t\t<\/div><\/figure>\n\t\t<\/div>\n<\/p>\n<p>Koka m\u0113beles vienm\u0113r ir biju\u0161as praktiskas un est\u0113tiski pievilc\u012bgs vair\u0101ku gadu garum\u0101. Ar\u012b m\u016bsdien\u0101s nekas nav main\u012bjies, jo dabiski ieg\u016btie kokmateri\u0101li aizvien tiek izmantoti m\u0113be\u013cu ra\u017eo\u0161anai. K\u0101 viens no produktiem ir ar\u012b dab\u012bg\u0101s priedes mas\u012bvkoka \u0137ebl\u012btis, kas izgatavots no Latvij\u0101 augu\u0161as priedes. \u0160ai m\u0113belei vienm\u0113r var atrast praktisku pielietojumu, turkl\u0101t t\u0101 neaiz\u0146em daudz vietas, t\u0101p\u0113c ir iesp\u0113jams novietot praktiski jebkur.<\/p>\n<p>T\u0101 k\u0101 \u0137ebl\u012btis ir izgatavots no priedes, kas apstr\u0101d\u0101ta pateicoties modernaj\u0101m tehnolo\u0123ij\u0101m, ir liela mas\u012bvkoka iztur\u012bba, k\u0101 ar\u012b est\u0113tisk\u0101 pievilc\u012bba. Ir pieejamas ar\u012b da\u017e\u0101das kr\u0101sas k\u0101 tum\u0161i br\u016bna, gai\u0161i br\u016bna, balta u.c., kas ne tikai est\u0113tiski paspilgtin\u0101s koka virsmu, bet ar\u012b pasarg\u0101s to no apk\u0101rt\u0113j\u0101 vides iedarb\u012bbas. \u0160\u0101d\u0101 veid\u0101 \u0137ebl\u012btis izskat\u012bsies t\u0101 pat k\u0101 ieg\u0101des dien\u0101 ar\u012b p\u0113c vair\u0101kiem gadiem. Tam ir stabila k\u0101ju konstrukcija, kas nodro\u0161in\u0101s stabilit\u0101ti uz taisnas virsmas. Papildus ir izveidoti ar\u012b nelieli caurumi, kas padar\u012bs m\u0113beles izskatu v\u0113l viegl\u0101ku. \u0136ebl\u012btis lieliski var noder\u0113t, lai tiktu kl\u0101t liet\u0101m, kuras nav aizsniedzamas, toties nav tik augstu, lai b\u016btu nepiecie\u0161am\u012bba izmantot k\u0101pnes, turkl\u0101t \u0137ebl\u012bti ir viegli p\u0101rvietot no vienas vietas uz citu daudz \u0113rt\u0101k jebkur\u0101 laik\u0101. Trepes ir daudzas reizes neparoc\u012bg\u0101kas. \u0136ebl\u012btis var noder\u0113t ar\u012b da\u017e\u0101du nelielu darbu veik\u0161anai k\u0101 mizo\u0161anai u.c. Nav nepiecie\u0161am\u012bbas st\u0101v\u0113t k\u0101j\u0101s un veikt da\u017e\u0101dus darbus, jo viss ir daudz vienk\u0101r\u0161\u0101k izdar\u0101ms, ja neb\u016bs nepiecie\u0161am\u012bbas st\u0101v\u0113t k\u0101j\u0101s, kas prasa vair\u0101k ener\u0123ijas un pats par sevi nav tik \u0113rti.<\/p>\n<p>Dab\u012bg\u0101s priedes mas\u012bvkoka \u0137ebl\u012btis b\u016bs lielisks pal\u012bgs katram. Da\u017e\u0101die to\u0146i \u013caus izv\u0113l\u0113ties t\u0101du, kas p\u0113c iesp\u0113jas vair\u0101k iederas apk\u0101rt\u0113j\u0101 interjer\u0101 un ir praktiski nenov\u0113rt\u0113jama neliela m\u0113bele, kas var pal\u012bdz\u0113t daudz.<\/p>","protected":false},"excerpt":{"rendered":"<p><span style=\"color: #000000;\"><span style=\"font-size: 18px;\">Izm\u0113rs: AxPxD<\/span><\/span><\/p>\n","protected":false},"featured_media":325,"template":"","meta":[],"product_cat":[21],"product_tag":[],"class_list":["post-323","product","type-product","status-publish","has-post-thumbnail","hentry","product_cat-priedes-koka-taburetes"],"_links":{"self":[{"href":"https:\/\/kumode.lv\/lv\/wp-json\/wp\/v2\/product\/323","targetHints":{"allow":["GET"]}}],"collection":[{"href":"https:\/\/kumode.lv\/lv\/wp-json\/wp\/v2\/product"}],"about":[{"href":"https:\/\/kumode.lv\/lv\/wp-json\/wp\/v2\/types\/product"}],"wp:featuredmedia":[{"embeddable":true,"href":"https:\/\/kumode.lv\/lv\/wp-json\/wp\/v2\/media\/325"}],"wp:attachment":[{"href":"https:\/\/kumode.lv\/lv\/wp-json\/wp\/v2\/media?parent=323"}],"wp:term":[{"taxonomy":"product_cat","embeddable":true,"href":"https:\/\/kumode.lv\/lv\/wp-json\/wp\/v2\/product_cat?post=323"},{"taxonomy":"product_tag","embeddable":true,"href":"https:\/\/kumode.lv\/lv\/wp-json\/wp\/v2\/product_tag?post=323"}],"curies":[{"name":"wp","href":"https:\/\/api.w.org\/{rel}","templated":true}]}}