{"id":313,"date":"2021-06-08T09:16:51","date_gmt":"2021-06-08T06:16:51","guid":{"rendered":"https:\/\/kumodei.lionssolution.com\/?post_type=product&#038;p=313"},"modified":"2022-08-21T16:14:06","modified_gmt":"2022-08-21T13:14:06","slug":"dabigas-priedes-masivoka-trisdurvju-drebju-skapis-ar-frezetiem-rokturiem","status":"publish","type":"product","link":"https:\/\/kumode.lv\/lv\/product\/dabigas-priedes-masivoka-trisdurvju-drebju-skapis-ar-frezetiem-rokturiem\/","title":{"rendered":"Dab\u012bg\u0101s Priedes Mas\u012bvkoka Tr\u012bsdurvju Dr\u0113bju Skapis"},"content":{"rendered":"<p><div id='gallery-1' class='gallery galleryid-313 gallery-columns-4 gallery-size-thumbnail'><figure class='gallery-item'>\n\t\t\t<div class='gallery-icon landscape'>\n\t\t\t\t<a title=\"092307 - koloni\u0101ls tonis\" href='https:\/\/kumode.lv\/wp-content\/uploads\/2021\/07\/092307-kolonials-tonis.png'><img loading=\"lazy\" decoding=\"async\" width=\"150\" height=\"150\" src=\"https:\/\/kumode.lv\/wp-content\/uploads\/2021\/07\/092307-kolonials-tonis-150x150.png\" class=\"attachment-thumbnail size-thumbnail\" alt=\"\" srcset=\"https:\/\/kumode.lv\/wp-content\/uploads\/2021\/07\/092307-kolonials-tonis-150x150.png 150w, https:\/\/kumode.lv\/wp-content\/uploads\/2021\/07\/092307-kolonials-tonis-300x300.png 300w, https:\/\/kumode.lv\/wp-content\/uploads\/2021\/07\/092307-kolonials-tonis-100x100.png 100w, https:\/\/kumode.lv\/wp-content\/uploads\/2021\/07\/092307-kolonials-tonis.png 450w\" sizes=\"auto, (max-width: 150px) 100vw, 150px\" \/><\/a>\n\t\t\t<\/div><\/figure><figure class='gallery-item'>\n\t\t\t<div class='gallery-icon landscape'>\n\t\t\t\t<a title=\"092332 - medus tonis\" href='https:\/\/kumode.lv\/wp-content\/uploads\/2021\/07\/092332-medus-tonis.png'><img loading=\"lazy\" decoding=\"async\" width=\"150\" height=\"150\" src=\"https:\/\/kumode.lv\/wp-content\/uploads\/2021\/07\/092332-medus-tonis-150x150.png\" class=\"attachment-thumbnail size-thumbnail\" alt=\"\" srcset=\"https:\/\/kumode.lv\/wp-content\/uploads\/2021\/07\/092332-medus-tonis-150x150.png 150w, https:\/\/kumode.lv\/wp-content\/uploads\/2021\/07\/092332-medus-tonis-300x300.png 300w, https:\/\/kumode.lv\/wp-content\/uploads\/2021\/07\/092332-medus-tonis-100x100.png 100w, https:\/\/kumode.lv\/wp-content\/uploads\/2021\/07\/092332-medus-tonis.png 450w\" sizes=\"auto, (max-width: 150px) 100vw, 150px\" \/><\/a>\n\t\t\t<\/div><\/figure><figure class='gallery-item'>\n\t\t\t<div class='gallery-icon landscape'>\n\t\t\t\t<a title=\"092357 - Balts tonis\" href='https:\/\/kumode.lv\/wp-content\/uploads\/2021\/07\/092357-Balts-tonis.png'><img loading=\"lazy\" decoding=\"async\" width=\"150\" height=\"150\" src=\"https:\/\/kumode.lv\/wp-content\/uploads\/2021\/07\/092357-Balts-tonis-150x150.png\" class=\"attachment-thumbnail size-thumbnail\" alt=\"\" srcset=\"https:\/\/kumode.lv\/wp-content\/uploads\/2021\/07\/092357-Balts-tonis-150x150.png 150w, https:\/\/kumode.lv\/wp-content\/uploads\/2021\/07\/092357-Balts-tonis-300x300.png 300w, https:\/\/kumode.lv\/wp-content\/uploads\/2021\/07\/092357-Balts-tonis-100x100.png 100w, https:\/\/kumode.lv\/wp-content\/uploads\/2021\/07\/092357-Balts-tonis.png 450w\" sizes=\"auto, (max-width: 150px) 100vw, 150px\" \/><\/a>\n\t\t\t<\/div><\/figure><figure class='gallery-item'>\n\t\t\t<div class='gallery-icon landscape'>\n\t\t\t\t<a title=\"092412 - Natur\u0101ls tonis\" href='https:\/\/kumode.lv\/wp-content\/uploads\/2021\/07\/092412-Naturals-tonis.png'><img loading=\"lazy\" decoding=\"async\" width=\"150\" height=\"150\" src=\"https:\/\/kumode.lv\/wp-content\/uploads\/2021\/07\/092412-Naturals-tonis-150x150.png\" class=\"attachment-thumbnail size-thumbnail\" alt=\"\" srcset=\"https:\/\/kumode.lv\/wp-content\/uploads\/2021\/07\/092412-Naturals-tonis-150x150.png 150w, https:\/\/kumode.lv\/wp-content\/uploads\/2021\/07\/092412-Naturals-tonis-300x300.png 300w, https:\/\/kumode.lv\/wp-content\/uploads\/2021\/07\/092412-Naturals-tonis-100x100.png 100w, https:\/\/kumode.lv\/wp-content\/uploads\/2021\/07\/092412-Naturals-tonis.png 450w\" sizes=\"auto, (max-width: 150px) 100vw, 150px\" \/><\/a>\n\t\t\t<\/div><\/figure>\n\t\t<\/div>\n<\/p>\n<p>&nbsp;<\/p>\n<p>&nbsp;<\/p>\n<p>Ir viena m\u0113bele, bez kuras reti kur\u0161 var\u0113tu iztikt. Tas ir dr\u0113bju skapis, kas pal\u012bdz uztur\u0113t dr\u0113bes liel\u0101k\u0101 k\u0101rt\u012bb\u0101, k\u0101 ar\u012b padara pien\u0101c\u012bg\u0101 ap\u0123\u0113rba atra\u0161anu daudz vienk\u0101r\u0161\u0101ku. Ir iesp\u0113jami da\u017e\u0101di to izm\u0113ri un dizains. Viens no pied\u0101v\u0101jumiem, kas ir pieejams no pa\u0161m\u0101ju ra\u017eot\u0101jiem ir priedes mas\u012bvkoka tr\u012bsdurvju dr\u0113bju skapis ar fr\u0113z\u0113tiem rokturiem. Tas par\u0101d\u012bs, cik v\u0113rt\u012bgi ir m\u0101jokl\u012b dab\u012bga koka m\u0113bele, kas vienlaikus rad\u012bs ar\u012b m\u0101j\u012bgumu un stabili funkcion\u0113s laika gait\u0101. Vid\u0113ja lieluma skapis ir pietiekams, lai tur saliktu sev nepiecie\u0161am\u0101k\u0101s lietas.<br \/>\nTr\u012bsdurvju skapis sast\u0101v no tr\u012bs durv\u012bm, div\u0101m atvilktn\u0113m un trim neliel\u0101kiem plauktiem pa\u0161\u0101 skapja aug\u0161\u0101. Tas ir pietiekami, lai izvietotu diezgan lielu dr\u0113bju un da\u017e\u0101du citu lietu skap\u012b.<\/p>\n<p>Katrs tikai priec\u0101sies par iesp\u0113ju izbaud\u012bt to, ka dr\u0113bes un p\u0101r\u0113j\u0101s mantas atrodas vienviet \u2013 viegli atrodamas un p\u0101r\u0113jo ac\u012bm apsl\u0113ptas. Konkr\u0113tais skapis sast\u0101v no tr\u012bs lieliem nodal\u012bjumiem, kas atrodas aiz durv\u012bm, div\u0101m atvilktn\u0113m un tr\u012bs aug\u0161\u0113jiem plauktiem, kas ir kvadr\u0101ta formas, \u013caujot viegli taj\u0101 ievietot daudz liel\u0101ku apjomu ar dr\u0113bju, gultasve\u013cu vai cit\u0101m liet\u0101m, kuras nav nepiecie\u0161am\u012bba izmantot tik bie\u017ei. Ja garderob\u0113, kur atrodas virsdr\u0113bes nepietiek vietas, \u0161is skapis var pal\u012bdz\u0113t tikt gal\u0101 ar da\u013cu no mant\u0101m. Fr\u0113z\u0113ti rokturi nodro\u0161in\u0101t vienk\u0101r\u0161\u0101ku durvju atv\u0113r\u0161anu. Modern\u0101s tehnolo\u0123ijas \u013cauj izgatavot \u0161\u0101da veida rokturu izgatavo\u0161anu p\u0113c visaugst\u0101k\u0101s kvalit\u0101tes, garant\u0113jot, ka tie b\u016bs vienl\u012bdz est\u0113tiski pievilc\u012bgi, k\u0101 ar\u012b funkcion\u0101li.<\/p>\n<p>Priedes mas\u012bvkoka tr\u012bsdurvju dr\u0113bju skapis ar fr\u0113z\u0113tiem rokturiem b\u016bs lieliska izv\u0113le, kur salikt sev svar\u012bg\u0101kos ap\u0123\u0113rbus un citas mantas bez dom\u0101m par to, vai skap\u012b saies viss, kas tur ir paredz\u0113ts.<\/p>","protected":false},"excerpt":{"rendered":"<p><span style=\"font-size: 18px;\">Izm\u0113rs: AxPxD<\/span><\/p>\n","protected":false},"featured_media":315,"template":"","meta":[],"product_cat":[20],"product_tag":[],"class_list":["post-313","product","type-product","status-publish","has-post-thumbnail","hentry","product_cat-priedes-koka-skapji"],"_links":{"self":[{"href":"https:\/\/kumode.lv\/lv\/wp-json\/wp\/v2\/product\/313","targetHints":{"allow":["GET"]}}],"collection":[{"href":"https:\/\/kumode.lv\/lv\/wp-json\/wp\/v2\/product"}],"about":[{"href":"https:\/\/kumode.lv\/lv\/wp-json\/wp\/v2\/types\/product"}],"wp:featuredmedia":[{"embeddable":true,"href":"https:\/\/kumode.lv\/lv\/wp-json\/wp\/v2\/media\/315"}],"wp:attachment":[{"href":"https:\/\/kumode.lv\/lv\/wp-json\/wp\/v2\/media?parent=313"}],"wp:term":[{"taxonomy":"product_cat","embeddable":true,"href":"https:\/\/kumode.lv\/lv\/wp-json\/wp\/v2\/product_cat?post=313"},{"taxonomy":"product_tag","embeddable":true,"href":"https:\/\/kumode.lv\/lv\/wp-json\/wp\/v2\/product_tag?post=313"}],"curies":[{"name":"wp","href":"https:\/\/api.w.org\/{rel}","templated":true}]}}