{"id":310,"date":"2021-06-08T09:13:17","date_gmt":"2021-06-08T06:13:17","guid":{"rendered":"https:\/\/kumodei.lionssolution.com\/?post_type=product&#038;p=310"},"modified":"2022-08-21T16:08:54","modified_gmt":"2022-08-21T13:08:54","slug":"dabigas-priedes-masivkoka-cetrdurvju-drebju-skapis","status":"publish","type":"product","link":"https:\/\/kumode.lv\/lv\/product\/dabigas-priedes-masivkoka-cetrdurvju-drebju-skapis\/","title":{"rendered":"Dab\u012bg\u0101s Priedes Mas\u012bvkoka \u010cetrdurvju Dr\u0113bju Skapis"},"content":{"rendered":"<p><div id='gallery-1' class='gallery galleryid-310 gallery-columns-4 gallery-size-thumbnail'><figure class='gallery-item'>\n\t\t\t<div class='gallery-icon landscape'>\n\t\t\t\t<a title=\"092307 - koloni\u0101ls tonis\" href='https:\/\/kumode.lv\/wp-content\/uploads\/2021\/07\/092307-kolonials-tonis.png'><img loading=\"lazy\" decoding=\"async\" width=\"150\" height=\"150\" src=\"https:\/\/kumode.lv\/wp-content\/uploads\/2021\/07\/092307-kolonials-tonis-150x150.png\" class=\"attachment-thumbnail size-thumbnail\" alt=\"\" srcset=\"https:\/\/kumode.lv\/wp-content\/uploads\/2021\/07\/092307-kolonials-tonis-150x150.png 150w, https:\/\/kumode.lv\/wp-content\/uploads\/2021\/07\/092307-kolonials-tonis-300x300.png 300w, https:\/\/kumode.lv\/wp-content\/uploads\/2021\/07\/092307-kolonials-tonis-100x100.png 100w, https:\/\/kumode.lv\/wp-content\/uploads\/2021\/07\/092307-kolonials-tonis.png 450w\" sizes=\"auto, (max-width: 150px) 100vw, 150px\" \/><\/a>\n\t\t\t<\/div><\/figure><figure class='gallery-item'>\n\t\t\t<div class='gallery-icon landscape'>\n\t\t\t\t<a title=\"092332 - medus tonis\" href='https:\/\/kumode.lv\/wp-content\/uploads\/2021\/07\/092332-medus-tonis.png'><img loading=\"lazy\" decoding=\"async\" width=\"150\" height=\"150\" src=\"https:\/\/kumode.lv\/wp-content\/uploads\/2021\/07\/092332-medus-tonis-150x150.png\" class=\"attachment-thumbnail size-thumbnail\" alt=\"\" srcset=\"https:\/\/kumode.lv\/wp-content\/uploads\/2021\/07\/092332-medus-tonis-150x150.png 150w, https:\/\/kumode.lv\/wp-content\/uploads\/2021\/07\/092332-medus-tonis-300x300.png 300w, https:\/\/kumode.lv\/wp-content\/uploads\/2021\/07\/092332-medus-tonis-100x100.png 100w, https:\/\/kumode.lv\/wp-content\/uploads\/2021\/07\/092332-medus-tonis.png 450w\" sizes=\"auto, (max-width: 150px) 100vw, 150px\" \/><\/a>\n\t\t\t<\/div><\/figure><figure class='gallery-item'>\n\t\t\t<div class='gallery-icon landscape'>\n\t\t\t\t<a title=\"092357 - Balts tonis\" href='https:\/\/kumode.lv\/wp-content\/uploads\/2021\/07\/092357-Balts-tonis.png'><img loading=\"lazy\" decoding=\"async\" width=\"150\" height=\"150\" src=\"https:\/\/kumode.lv\/wp-content\/uploads\/2021\/07\/092357-Balts-tonis-150x150.png\" class=\"attachment-thumbnail size-thumbnail\" alt=\"\" srcset=\"https:\/\/kumode.lv\/wp-content\/uploads\/2021\/07\/092357-Balts-tonis-150x150.png 150w, https:\/\/kumode.lv\/wp-content\/uploads\/2021\/07\/092357-Balts-tonis-300x300.png 300w, https:\/\/kumode.lv\/wp-content\/uploads\/2021\/07\/092357-Balts-tonis-100x100.png 100w, https:\/\/kumode.lv\/wp-content\/uploads\/2021\/07\/092357-Balts-tonis.png 450w\" sizes=\"auto, (max-width: 150px) 100vw, 150px\" \/><\/a>\n\t\t\t<\/div><\/figure><figure class='gallery-item'>\n\t\t\t<div class='gallery-icon landscape'>\n\t\t\t\t<a title=\"092412 - Natur\u0101ls tonis\" href='https:\/\/kumode.lv\/wp-content\/uploads\/2021\/07\/092412-Naturals-tonis.png'><img loading=\"lazy\" decoding=\"async\" width=\"150\" height=\"150\" src=\"https:\/\/kumode.lv\/wp-content\/uploads\/2021\/07\/092412-Naturals-tonis-150x150.png\" class=\"attachment-thumbnail size-thumbnail\" alt=\"\" srcset=\"https:\/\/kumode.lv\/wp-content\/uploads\/2021\/07\/092412-Naturals-tonis-150x150.png 150w, https:\/\/kumode.lv\/wp-content\/uploads\/2021\/07\/092412-Naturals-tonis-300x300.png 300w, https:\/\/kumode.lv\/wp-content\/uploads\/2021\/07\/092412-Naturals-tonis-100x100.png 100w, https:\/\/kumode.lv\/wp-content\/uploads\/2021\/07\/092412-Naturals-tonis.png 450w\" sizes=\"auto, (max-width: 150px) 100vw, 150px\" \/><\/a>\n\t\t\t<\/div><\/figure>\n\t\t<\/div>\n<\/p>\n<p>&nbsp;<\/p>\n<p>Katrai gu\u013camistabai ir nepiecie\u0161am\u012bba p\u0113c laba un kvalitat\u012bva skapja. Laikiem mainoties, to veidi un dizains ar\u012b ir main\u012bju\u0161ies, ta\u010du ir daudz iesp\u0113ju, ko sp\u0113j dot ra\u017eot\u0101ju jaun\u0101kie risin\u0101jumi un kvalit\u0101te. Ar\u012b Latvij\u0101 tiek ra\u017eoti skapji no pa\u0161m\u0101ju izejmateri\u0101liem. Viens no t\u0101diem ir priedes mas\u012bvkoka \u010dertdurvju dr\u0113bju skapis. Tas ir ietilp\u012bgs un est\u0113tiski pievilc\u012bgs, t\u0101p\u0113c sp\u0113j ieder\u0113ties praktiski jebkur\u0101 telp\u0101. Katram pa\u0161am j\u0101nov\u0113rt\u0113 \u0161\u0101da apjom\u012bga skapja plusi. Ir iesp\u0113jams teikt, ka skapis t\u0101 \u012bsti nekad nevar b\u016bt par lielu \u2013 tam ir iesp\u0113jams atrast vietu, kur tas neizskat\u0101s tik apjom\u012bgs un netrauc\u0113 p\u0101r\u0113jiem.<\/p>\n<p>\u010cetrdurvju skapim ir daudz nodal\u012bjumu, kas garant\u0113s iesp\u0113jam\u012bbu viegli ne tikai ievietot svar\u012bg\u0101kos ap\u0123\u0113rbus uz pakarin\u0101majiem vai atsevi\u0161\u0137os plauktos, bet ar\u012b ievietot gultasve\u013cu un da\u017e\u0101das citas mantas, kur\u0101m iesp\u0113jams nav pieticis vietas citviet. Tas ir alternat\u012bvs risin\u0101jums, ja nav atsevi\u0161\u0137as kumodes \u0161\u0101da veida audumiem u.c. liet\u0101m, kas ir vajadz\u012bgas un svar\u012bgas, bet netiek izmantotas ikdien\u0101. Pieejamas ir da\u017e\u0101das kr\u0101sas k\u0101 balta, dab\u012bga koka, tum\u0161i br\u016bna, gai\u0161i br\u016bna u.c., kas \u013caus izv\u0113l\u0113tos dr\u0113bju skapi pieska\u0146ot p\u0101r\u0113jam interjeram daudz viegl\u0101k. Neizv\u0113loties p\u0101r\u0101k tum\u0161us to\u0146us ar to ir iesp\u0113jams atsvaidzin\u0101t p\u0101r\u0113jo interjeru un l\u012bdz ar to vizu\u0101li ar\u012b padar\u012bt telpu liel\u0101ku. Ir daudz da\u017e\u0101du variantu, kas pal\u012bdz\u0113s rast lietder\u012bbu \u010detrdurvju skapim. T\u0101 iztur\u012bg\u0101 konstrukcija sp\u0113s sev\u012b uzglab\u0101t lielu dr\u0113bju un citu mantu apjomu. E\u0146\u0123es, kas izgatavotas no met\u0101la, k\u0101 ar\u012b dro\u0161ie rokturi \u013caus atv\u0113rt un aizv\u0113rt skapi viegli.<\/p>\n<p>Priedes mas\u012bvkoka \u010detrdurvju dr\u0113bju skapis ir lieliska izv\u0113le sevi\u0161\u0137i tiem, kuriem ir daudz mantu un t\u0101 vien liekas, ka skapis k\u0101du dienu var\u0113tu b\u016bt p\u0101r\u0101k mazs.<\/p>","protected":false},"excerpt":{"rendered":"<p><span style=\"font-size: 18px;\">Izm\u0113rs: AxPxD<\/span><\/p>\n","protected":false},"featured_media":1468,"template":"","meta":[],"product_cat":[20],"product_tag":[],"class_list":["post-310","product","type-product","status-publish","has-post-thumbnail","hentry","product_cat-priedes-koka-skapji"],"_links":{"self":[{"href":"https:\/\/kumode.lv\/lv\/wp-json\/wp\/v2\/product\/310","targetHints":{"allow":["GET"]}}],"collection":[{"href":"https:\/\/kumode.lv\/lv\/wp-json\/wp\/v2\/product"}],"about":[{"href":"https:\/\/kumode.lv\/lv\/wp-json\/wp\/v2\/types\/product"}],"wp:featuredmedia":[{"embeddable":true,"href":"https:\/\/kumode.lv\/lv\/wp-json\/wp\/v2\/media\/1468"}],"wp:attachment":[{"href":"https:\/\/kumode.lv\/lv\/wp-json\/wp\/v2\/media?parent=310"}],"wp:term":[{"taxonomy":"product_cat","embeddable":true,"href":"https:\/\/kumode.lv\/lv\/wp-json\/wp\/v2\/product_cat?post=310"},{"taxonomy":"product_tag","embeddable":true,"href":"https:\/\/kumode.lv\/lv\/wp-json\/wp\/v2\/product_tag?post=310"}],"curies":[{"name":"wp","href":"https:\/\/api.w.org\/{rel}","templated":true}]}}