{"id":298,"date":"2021-06-08T08:37:18","date_gmt":"2021-06-08T05:37:18","guid":{"rendered":"https:\/\/kumodei.lionssolution.com\/?post_type=product&#038;p=298"},"modified":"2025-11-02T20:43:15","modified_gmt":"2025-11-02T18:43:15","slug":"dabigas-priedes-masivkoka-naktsskapits-ar-frezetiem-rokturiem-un-tris-atvilktnem","status":"publish","type":"product","link":"https:\/\/kumode.lv\/lv\/product\/dabigas-priedes-masivkoka-naktsskapits-ar-frezetiem-rokturiem-un-tris-atvilktnem\/","title":{"rendered":"Dab\u012bg\u0101s Priedes Mas\u012bvkoka Naktsskap\u012btis ar 3 atvilktn\u0113m"},"content":{"rendered":"<p><div id='gallery-1' class='gallery galleryid-298 gallery-columns-4 gallery-size-thumbnail'><figure class='gallery-item'>\n\t\t\t<div class='gallery-icon landscape'>\n\t\t\t\t<a title=\"092307 - koloni\u0101ls tonis\" href='https:\/\/kumode.lv\/wp-content\/uploads\/2021\/07\/092307-kolonials-tonis.png'><img loading=\"lazy\" decoding=\"async\" width=\"150\" height=\"150\" src=\"https:\/\/kumode.lv\/wp-content\/uploads\/2021\/07\/092307-kolonials-tonis-150x150.png\" class=\"attachment-thumbnail size-thumbnail\" alt=\"\" srcset=\"https:\/\/kumode.lv\/wp-content\/uploads\/2021\/07\/092307-kolonials-tonis-150x150.png 150w, https:\/\/kumode.lv\/wp-content\/uploads\/2021\/07\/092307-kolonials-tonis-300x300.png 300w, https:\/\/kumode.lv\/wp-content\/uploads\/2021\/07\/092307-kolonials-tonis-100x100.png 100w, https:\/\/kumode.lv\/wp-content\/uploads\/2021\/07\/092307-kolonials-tonis.png 450w\" sizes=\"auto, (max-width: 150px) 100vw, 150px\" \/><\/a>\n\t\t\t<\/div><\/figure><figure class='gallery-item'>\n\t\t\t<div class='gallery-icon landscape'>\n\t\t\t\t<a title=\"092332 - medus tonis\" href='https:\/\/kumode.lv\/wp-content\/uploads\/2021\/07\/092332-medus-tonis.png'><img loading=\"lazy\" decoding=\"async\" width=\"150\" height=\"150\" src=\"https:\/\/kumode.lv\/wp-content\/uploads\/2021\/07\/092332-medus-tonis-150x150.png\" class=\"attachment-thumbnail size-thumbnail\" alt=\"\" srcset=\"https:\/\/kumode.lv\/wp-content\/uploads\/2021\/07\/092332-medus-tonis-150x150.png 150w, https:\/\/kumode.lv\/wp-content\/uploads\/2021\/07\/092332-medus-tonis-300x300.png 300w, https:\/\/kumode.lv\/wp-content\/uploads\/2021\/07\/092332-medus-tonis-100x100.png 100w, https:\/\/kumode.lv\/wp-content\/uploads\/2021\/07\/092332-medus-tonis.png 450w\" sizes=\"auto, (max-width: 150px) 100vw, 150px\" \/><\/a>\n\t\t\t<\/div><\/figure><figure class='gallery-item'>\n\t\t\t<div class='gallery-icon landscape'>\n\t\t\t\t<a title=\"092357 - Balts tonis\" href='https:\/\/kumode.lv\/wp-content\/uploads\/2021\/07\/092357-Balts-tonis.png'><img loading=\"lazy\" decoding=\"async\" width=\"150\" height=\"150\" src=\"https:\/\/kumode.lv\/wp-content\/uploads\/2021\/07\/092357-Balts-tonis-150x150.png\" class=\"attachment-thumbnail size-thumbnail\" alt=\"\" srcset=\"https:\/\/kumode.lv\/wp-content\/uploads\/2021\/07\/092357-Balts-tonis-150x150.png 150w, https:\/\/kumode.lv\/wp-content\/uploads\/2021\/07\/092357-Balts-tonis-300x300.png 300w, https:\/\/kumode.lv\/wp-content\/uploads\/2021\/07\/092357-Balts-tonis-100x100.png 100w, https:\/\/kumode.lv\/wp-content\/uploads\/2021\/07\/092357-Balts-tonis.png 450w\" sizes=\"auto, (max-width: 150px) 100vw, 150px\" \/><\/a>\n\t\t\t<\/div><\/figure><figure class='gallery-item'>\n\t\t\t<div class='gallery-icon landscape'>\n\t\t\t\t<a title=\"092412 - Natur\u0101ls tonis\" href='https:\/\/kumode.lv\/wp-content\/uploads\/2021\/07\/092412-Naturals-tonis.png'><img loading=\"lazy\" decoding=\"async\" width=\"150\" height=\"150\" src=\"https:\/\/kumode.lv\/wp-content\/uploads\/2021\/07\/092412-Naturals-tonis-150x150.png\" class=\"attachment-thumbnail size-thumbnail\" alt=\"\" srcset=\"https:\/\/kumode.lv\/wp-content\/uploads\/2021\/07\/092412-Naturals-tonis-150x150.png 150w, https:\/\/kumode.lv\/wp-content\/uploads\/2021\/07\/092412-Naturals-tonis-300x300.png 300w, https:\/\/kumode.lv\/wp-content\/uploads\/2021\/07\/092412-Naturals-tonis-100x100.png 100w, https:\/\/kumode.lv\/wp-content\/uploads\/2021\/07\/092412-Naturals-tonis.png 450w\" sizes=\"auto, (max-width: 150px) 100vw, 150px\" \/><\/a>\n\t\t\t<\/div><\/figure>\n\t\t<\/div>\n<\/p>\n<p>Naktsskap\u012btis noteikti ir viena no m\u0113bel\u0113m, bez kuras ir praktiski neiesp\u0113jami iztikt. T\u0101 ir lieliska izv\u0113le katrai gu\u013camistabai, jo \u013cauj sev svar\u012bg\u0101m liet\u0101m vienm\u0113r b\u016bt rokas stiepiena att\u0101lum\u0101 jebkur\u0101 diennakts laik\u0101. M\u016bsdienu ra\u017eot\u0101ji aizvien saglab\u0101 tradicion\u0101l\u0101s v\u0113rt\u012bbas un izgatavo tos no dab\u012bgiem materi\u0101liem. Iz\u0146\u0113mums nav ar\u012b priedes mas\u012bvkoka naktsskap\u012btis ar fr\u0113z\u0113tiem rokturiem un tr\u012bs atvilktn\u0113m.<\/p>\n<p>Latvijas robe\u017e\u0101s izgatavot\u0101 m\u0113bele pie\u0161\u0137irs m\u0101j\u012bguma un individualit\u0101tes saj\u016btu. Galvenok\u0101rt tas ir pateicoties unik\u0101lajai koka fakt\u016brai. Neskatoties uz to, ir iesp\u0113jams ieg\u0101d\u0101ties ar\u012b da\u017e\u0101dus to\u0146us k\u0101 tum\u0161i br\u016bnu, gai\u0161i br\u016bni, baltu u.c., \u013caujot izv\u0113l\u0113to skap\u012bti pieska\u0146ot cit\u0101m jau telp\u0101 eso\u0161aj\u0101m m\u0113bel\u0113m. Noapa\u013cot\u0101s k\u0101jas garant\u0113 stabilit\u0101ti uz jebkura gr\u012bdas kl\u0101juma. Aizsargsl\u0101nis pats ir funkcion\u0101li noder\u012bgs, lai m\u0113bele p\u0113c k\u0101da laika nezaud\u0113tu savu est\u0113tisko pievilc\u012bbu. Tr\u012bs atvilktnes pie\u0161\u0137ir daudz vietas da\u017e\u0101d\u0101m liet\u0101m. Uz naktsskap\u012b\u0161a virsmas viegli var uzlikt ar\u012b k\u0101du naktslampu vai citu gaismekli, kas pal\u012bdz\u0113s rad\u012bt daudz lab\u0101ku apgaismojumu las\u012b\u0161anai vai skatoties televizoru. Fr\u0113z\u0113ti rokturi garant\u0113 \u0113rtu un paroc\u012bgu atvilkt\u0146u atv\u0113r\u0161anu jebkur\u0101 laik\u0101. Ir svar\u012bgi, lai tas b\u016btu paroc\u012bgi un nepras\u012btu lielu piep\u016bli. Naktsgaldi\u0146i sevi\u0161\u0137i labi noder ar\u012b cilv\u0113kiem ar brill\u0113m, jo tie var viegl\u0101k atrast lietas un ar\u012b pa\u0161as brilles uz sal\u012bdzino\u0161i nelielas virsmas.<\/p>\n<p>Priedes mas\u012bvkoka naktsskap\u012btis ar fr\u0113z\u0113tiem rokturiem un tr\u012bs atvilktn\u0113m b\u016bs lieliska izv\u0113le praktiski jebkur\u0101 m\u0101jokl\u012b. Pateicoties da\u017e\u0101du kr\u0101su vari\u0101cijai, ir iesp\u0113jams izv\u0113l\u0113ties da\u017e\u0101das kr\u0101sas skap\u012b\u0161u, no kuriem vismaz k\u0101ds atbild\u012bs citu m\u0113be\u013cu tonim. Koks vienm\u0113r rad\u012bs m\u0101j\u012bg\u0101ku un dabisk\u0101ku noska\u0146u vis\u0101 telp\u0101. \u0160\u0101da dabas v\u0113rt\u012bba ir j\u0101nov\u0113rt\u0113 un j\u0101izmanto sav\u0101 lab\u0101. Tas ir iesp\u0113jams, pateicoties profesion\u0101liem ra\u017eot\u0101jiem.<\/p>","protected":false},"excerpt":{"rendered":"<p><span style=\"color: #000000;\"><span style=\"font-size: 18px;\">Izm\u0113rs: AxPxD<\/span><\/span><\/p>\n","protected":false},"featured_media":300,"template":"","meta":[],"product_cat":[19],"product_tag":[],"class_list":["post-298","product","type-product","status-publish","has-post-thumbnail","hentry","product_cat-priedes-naktsskapitis"],"_links":{"self":[{"href":"https:\/\/kumode.lv\/lv\/wp-json\/wp\/v2\/product\/298","targetHints":{"allow":["GET"]}}],"collection":[{"href":"https:\/\/kumode.lv\/lv\/wp-json\/wp\/v2\/product"}],"about":[{"href":"https:\/\/kumode.lv\/lv\/wp-json\/wp\/v2\/types\/product"}],"wp:featuredmedia":[{"embeddable":true,"href":"https:\/\/kumode.lv\/lv\/wp-json\/wp\/v2\/media\/300"}],"wp:attachment":[{"href":"https:\/\/kumode.lv\/lv\/wp-json\/wp\/v2\/media?parent=298"}],"wp:term":[{"taxonomy":"product_cat","embeddable":true,"href":"https:\/\/kumode.lv\/lv\/wp-json\/wp\/v2\/product_cat?post=298"},{"taxonomy":"product_tag","embeddable":true,"href":"https:\/\/kumode.lv\/lv\/wp-json\/wp\/v2\/product_tag?post=298"}],"curies":[{"name":"wp","href":"https:\/\/api.w.org\/{rel}","templated":true}]}}