{"id":273,"date":"2021-06-07T16:14:35","date_gmt":"2021-06-07T13:14:35","guid":{"rendered":"https:\/\/kumodei.lionssolution.com\/?post_type=product&#038;p=273"},"modified":"2025-11-02T19:47:34","modified_gmt":"2025-11-02T17:47:34","slug":"priedes-masivkoka-vitrina-amata","status":"publish","type":"product","link":"https:\/\/kumode.lv\/lv\/product\/priedes-masivkoka-vitrina-amata\/","title":{"rendered":"Priedes Mas\u012bvkoka Vitr\u012bna \u201cAmata\u201d"},"content":{"rendered":"<p><div id='gallery-1' class='gallery galleryid-273 gallery-columns-4 gallery-size-thumbnail'><figure class='gallery-item'>\n\t\t\t<div class='gallery-icon landscape'>\n\t\t\t\t<a title=\"092307 - koloni\u0101ls tonis\" href='https:\/\/kumode.lv\/wp-content\/uploads\/2021\/07\/092307-kolonials-tonis.png'><img loading=\"lazy\" decoding=\"async\" width=\"150\" height=\"150\" src=\"https:\/\/kumode.lv\/wp-content\/uploads\/2021\/07\/092307-kolonials-tonis-150x150.png\" class=\"attachment-thumbnail size-thumbnail\" alt=\"\" srcset=\"https:\/\/kumode.lv\/wp-content\/uploads\/2021\/07\/092307-kolonials-tonis-150x150.png 150w, https:\/\/kumode.lv\/wp-content\/uploads\/2021\/07\/092307-kolonials-tonis-300x300.png 300w, https:\/\/kumode.lv\/wp-content\/uploads\/2021\/07\/092307-kolonials-tonis-100x100.png 100w, https:\/\/kumode.lv\/wp-content\/uploads\/2021\/07\/092307-kolonials-tonis.png 450w\" sizes=\"auto, (max-width: 150px) 100vw, 150px\" \/><\/a>\n\t\t\t<\/div><\/figure><figure class='gallery-item'>\n\t\t\t<div class='gallery-icon landscape'>\n\t\t\t\t<a title=\"092332 - medus tonis\" href='https:\/\/kumode.lv\/wp-content\/uploads\/2021\/07\/092332-medus-tonis.png'><img loading=\"lazy\" decoding=\"async\" width=\"150\" height=\"150\" src=\"https:\/\/kumode.lv\/wp-content\/uploads\/2021\/07\/092332-medus-tonis-150x150.png\" class=\"attachment-thumbnail size-thumbnail\" alt=\"\" srcset=\"https:\/\/kumode.lv\/wp-content\/uploads\/2021\/07\/092332-medus-tonis-150x150.png 150w, https:\/\/kumode.lv\/wp-content\/uploads\/2021\/07\/092332-medus-tonis-300x300.png 300w, https:\/\/kumode.lv\/wp-content\/uploads\/2021\/07\/092332-medus-tonis-100x100.png 100w, https:\/\/kumode.lv\/wp-content\/uploads\/2021\/07\/092332-medus-tonis.png 450w\" sizes=\"auto, (max-width: 150px) 100vw, 150px\" \/><\/a>\n\t\t\t<\/div><\/figure><figure class='gallery-item'>\n\t\t\t<div class='gallery-icon landscape'>\n\t\t\t\t<a title=\"092357 - Balts tonis\" href='https:\/\/kumode.lv\/wp-content\/uploads\/2021\/07\/092357-Balts-tonis.png'><img loading=\"lazy\" decoding=\"async\" width=\"150\" height=\"150\" src=\"https:\/\/kumode.lv\/wp-content\/uploads\/2021\/07\/092357-Balts-tonis-150x150.png\" class=\"attachment-thumbnail size-thumbnail\" alt=\"\" srcset=\"https:\/\/kumode.lv\/wp-content\/uploads\/2021\/07\/092357-Balts-tonis-150x150.png 150w, https:\/\/kumode.lv\/wp-content\/uploads\/2021\/07\/092357-Balts-tonis-300x300.png 300w, https:\/\/kumode.lv\/wp-content\/uploads\/2021\/07\/092357-Balts-tonis-100x100.png 100w, https:\/\/kumode.lv\/wp-content\/uploads\/2021\/07\/092357-Balts-tonis.png 450w\" sizes=\"auto, (max-width: 150px) 100vw, 150px\" \/><\/a>\n\t\t\t<\/div><\/figure><figure class='gallery-item'>\n\t\t\t<div class='gallery-icon landscape'>\n\t\t\t\t<a title=\"092412 - Natur\u0101ls tonis\" href='https:\/\/kumode.lv\/wp-content\/uploads\/2021\/07\/092412-Naturals-tonis.png'><img loading=\"lazy\" decoding=\"async\" width=\"150\" height=\"150\" src=\"https:\/\/kumode.lv\/wp-content\/uploads\/2021\/07\/092412-Naturals-tonis-150x150.png\" class=\"attachment-thumbnail size-thumbnail\" alt=\"\" srcset=\"https:\/\/kumode.lv\/wp-content\/uploads\/2021\/07\/092412-Naturals-tonis-150x150.png 150w, https:\/\/kumode.lv\/wp-content\/uploads\/2021\/07\/092412-Naturals-tonis-300x300.png 300w, https:\/\/kumode.lv\/wp-content\/uploads\/2021\/07\/092412-Naturals-tonis-100x100.png 100w, https:\/\/kumode.lv\/wp-content\/uploads\/2021\/07\/092412-Naturals-tonis.png 450w\" sizes=\"auto, (max-width: 150px) 100vw, 150px\" \/><\/a>\n\t\t\t<\/div><\/figure>\n\t\t<\/div>\n<\/p>\n<p>&nbsp;<\/p>\n<p>Vitr\u012bna \u2018\u2018Amata\u2019\u2019 ir izgatavota no kvalitat\u012bva priedes mas\u012bvkoka, kas ir ieg\u016bts tepat Latvij\u0101, padarot to par v\u0113l lab\u0101ku un stabil\u0101ku izv\u0113li. M\u0113bele sast\u0101v no 4 plauktiem, kas atrodas iz stikla un ir pietieko\u0161i pla\u0161i, lai tajos ievietotu lielu apjomu ar traukiem, kas b\u016btu viegli redzami katram, kas pav\u0113rs skatienu uz vitr\u012bnu \u2018\u2018Amata\u2019\u2019. Ir daudz da\u017e\u0101du iesp\u0113ju kombin\u0113t lietas, ko ielikt vitr\u012bn\u0101, jo tai ir ar\u012b sl\u0113gtie apak\u0161\u0113jie nodal\u012bjumi, kur nevar redz\u0113t, kas ir ievietots. Tas \u013cauj ievietot maz\u0101k est\u0113tiski pievilc\u012bgos traukus vai traukus no cita serv\u012b\u017eu komplekta bez nepiecie\u0161am\u012bbas tiem b\u016bt redzamiem ar\u012b citiem. Kopum\u0101 konstrukcija b\u016bs iztur\u012bga, jo pastr\u0101d\u0101ti priedes koka d\u0113\u013ci sp\u0113j iztur\u0113t lielu slodzi, bez izliek\u0161an\u0101s iesp\u0113jas vai k\u0101das citas deform\u0101cijas. Papildus ir iesp\u0113jams izv\u0113l\u0113ties da\u017e\u0101dus to\u0146us, kas vai nu izcels dab\u012bg\u0101 koka fakt\u016bru, vai pasl\u0113ps to. Da\u017e\u0101du kr\u0101su izv\u0113le \u013caus ar\u012b daudz viegl\u0101k pieska\u0146ot vitr\u012bnu p\u0101r\u0113j\u0101m telpas m\u0113bel\u0113m, liekot tai ieder\u0113ties lieliski un neizcelties p\u0101r\u0113jo vid\u016b.Dro\u0161i vien gandr\u012bz katrs ir sastapies ar probl\u0113mu, kad rodas probl\u0113ma ar to, cik daudz vietas aiz\u0146em da\u017e\u0101das mantas un svar\u012bgas lietas, kuras lieliski ieder\u0113tos daudz redzam\u0101k\u0101 viet\u0101. K\u0101 viens no risin\u0101jumiem ir risin\u0101jumiem tiek pied\u0101v\u0101ta dab\u012bg\u0101s priedes mas\u012bvkoka vitr\u012bna \u2018\u2018Amata\u2019\u2019. T\u0101s stabil\u0101 konstrukcija rad\u012bs lielisku pamatu da\u017e\u0101du priek\u0161metu izvieto\u0161anai gan citiem redzam\u0101 viet\u0101, gan ar\u012b neredzam\u0101 izvietojum\u0101. Katrs var atrast noder\u012bgumu \u0161\u0101da veida m\u0113belei jebkur\u0101 viet\u0101, kur to paredz\u0113ts novietot.<\/p>\n<p>Dab\u012bg\u0101 priedes mas\u012bvkoka vitr\u012bna \u2018\u2018Amata\u2019\u2019 ir lielisks risin\u0101jums dz\u012bvojamai vai viesistabai, kur salikt da\u017e\u0101dus traukus. No speci\u0101li veidot\u0101s m\u0113beles tos iz\u0146emt \u0101r\u0101 neb\u016bs liela probl\u0113ma.<\/p>","protected":false},"excerpt":{"rendered":"<p><span style=\"font-size: 18px;\">Izm\u0113rs: AxPxD<\/span><br \/>\n<span style=\"color: #ff9900;\"><strong>DURVIS AR M\u012aKSTO AIZV\u0112R\u0160ANU (SOFT CLOSE)<\/strong><\/span><\/p>\n","protected":false},"featured_media":1789,"template":"","meta":[],"product_cat":[17],"product_tag":[],"class_list":["post-273","product","type-product","status-publish","has-post-thumbnail","hentry","product_cat-priedes-koka-sekcijas"],"_links":{"self":[{"href":"https:\/\/kumode.lv\/lv\/wp-json\/wp\/v2\/product\/273","targetHints":{"allow":["GET"]}}],"collection":[{"href":"https:\/\/kumode.lv\/lv\/wp-json\/wp\/v2\/product"}],"about":[{"href":"https:\/\/kumode.lv\/lv\/wp-json\/wp\/v2\/types\/product"}],"wp:featuredmedia":[{"embeddable":true,"href":"https:\/\/kumode.lv\/lv\/wp-json\/wp\/v2\/media\/1789"}],"wp:attachment":[{"href":"https:\/\/kumode.lv\/lv\/wp-json\/wp\/v2\/media?parent=273"}],"wp:term":[{"taxonomy":"product_cat","embeddable":true,"href":"https:\/\/kumode.lv\/lv\/wp-json\/wp\/v2\/product_cat?post=273"},{"taxonomy":"product_tag","embeddable":true,"href":"https:\/\/kumode.lv\/lv\/wp-json\/wp\/v2\/product_tag?post=273"}],"curies":[{"name":"wp","href":"https:\/\/api.w.org\/{rel}","templated":true}]}}