{"id":1355,"date":"2021-10-23T13:23:04","date_gmt":"2021-10-23T10:23:04","guid":{"rendered":"https:\/\/kumodei.lionssolution.com\/?post_type=product&#038;p=1355"},"modified":"2025-11-02T20:54:16","modified_gmt":"2025-11-02T18:54:16","slug":"masivkoka-priedes-gramatu-plaukts-ar-durvim-nr-56-1-58-1","status":"publish","type":"product","link":"https:\/\/kumode.lv\/lv\/product\/masivkoka-priedes-gramatu-plaukts-ar-durvim-nr-56-1-58-1\/","title":{"rendered":"Mas\u012bvkoka Priedes Gr\u0101matu Plaukts ar Durv\u012bm Nr.56\/1-58\/1"},"content":{"rendered":"<p><div id='gallery-1' class='gallery galleryid-1355 gallery-columns-4 gallery-size-thumbnail'><figure class='gallery-item'>\n\t\t\t<div class='gallery-icon landscape'>\n\t\t\t\t<a title=\"092307 - koloni\u0101ls tonis\" href='https:\/\/kumode.lv\/wp-content\/uploads\/2021\/07\/092307-kolonials-tonis.png'><img loading=\"lazy\" decoding=\"async\" width=\"150\" height=\"150\" src=\"https:\/\/kumode.lv\/wp-content\/uploads\/2021\/07\/092307-kolonials-tonis-150x150.png\" class=\"attachment-thumbnail size-thumbnail\" alt=\"\" srcset=\"https:\/\/kumode.lv\/wp-content\/uploads\/2021\/07\/092307-kolonials-tonis-150x150.png 150w, https:\/\/kumode.lv\/wp-content\/uploads\/2021\/07\/092307-kolonials-tonis-300x300.png 300w, https:\/\/kumode.lv\/wp-content\/uploads\/2021\/07\/092307-kolonials-tonis-100x100.png 100w, https:\/\/kumode.lv\/wp-content\/uploads\/2021\/07\/092307-kolonials-tonis.png 450w\" sizes=\"auto, (max-width: 150px) 100vw, 150px\" \/><\/a>\n\t\t\t<\/div><\/figure><figure class='gallery-item'>\n\t\t\t<div class='gallery-icon landscape'>\n\t\t\t\t<a title=\"092332 - medus tonis\" href='https:\/\/kumode.lv\/wp-content\/uploads\/2021\/07\/092332-medus-tonis.png'><img loading=\"lazy\" decoding=\"async\" width=\"150\" height=\"150\" src=\"https:\/\/kumode.lv\/wp-content\/uploads\/2021\/07\/092332-medus-tonis-150x150.png\" class=\"attachment-thumbnail size-thumbnail\" alt=\"\" srcset=\"https:\/\/kumode.lv\/wp-content\/uploads\/2021\/07\/092332-medus-tonis-150x150.png 150w, https:\/\/kumode.lv\/wp-content\/uploads\/2021\/07\/092332-medus-tonis-300x300.png 300w, https:\/\/kumode.lv\/wp-content\/uploads\/2021\/07\/092332-medus-tonis-100x100.png 100w, https:\/\/kumode.lv\/wp-content\/uploads\/2021\/07\/092332-medus-tonis.png 450w\" sizes=\"auto, (max-width: 150px) 100vw, 150px\" \/><\/a>\n\t\t\t<\/div><\/figure><figure class='gallery-item'>\n\t\t\t<div class='gallery-icon landscape'>\n\t\t\t\t<a title=\"092357 - Balts tonis\" href='https:\/\/kumode.lv\/wp-content\/uploads\/2021\/07\/092357-Balts-tonis.png'><img loading=\"lazy\" decoding=\"async\" width=\"150\" height=\"150\" src=\"https:\/\/kumode.lv\/wp-content\/uploads\/2021\/07\/092357-Balts-tonis-150x150.png\" class=\"attachment-thumbnail size-thumbnail\" alt=\"\" srcset=\"https:\/\/kumode.lv\/wp-content\/uploads\/2021\/07\/092357-Balts-tonis-150x150.png 150w, https:\/\/kumode.lv\/wp-content\/uploads\/2021\/07\/092357-Balts-tonis-300x300.png 300w, https:\/\/kumode.lv\/wp-content\/uploads\/2021\/07\/092357-Balts-tonis-100x100.png 100w, https:\/\/kumode.lv\/wp-content\/uploads\/2021\/07\/092357-Balts-tonis.png 450w\" sizes=\"auto, (max-width: 150px) 100vw, 150px\" \/><\/a>\n\t\t\t<\/div><\/figure><figure class='gallery-item'>\n\t\t\t<div class='gallery-icon landscape'>\n\t\t\t\t<a title=\"092412 - Natur\u0101ls tonis\" href='https:\/\/kumode.lv\/wp-content\/uploads\/2021\/07\/092412-Naturals-tonis.png'><img loading=\"lazy\" decoding=\"async\" width=\"150\" height=\"150\" src=\"https:\/\/kumode.lv\/wp-content\/uploads\/2021\/07\/092412-Naturals-tonis-150x150.png\" class=\"attachment-thumbnail size-thumbnail\" alt=\"\" srcset=\"https:\/\/kumode.lv\/wp-content\/uploads\/2021\/07\/092412-Naturals-tonis-150x150.png 150w, https:\/\/kumode.lv\/wp-content\/uploads\/2021\/07\/092412-Naturals-tonis-300x300.png 300w, https:\/\/kumode.lv\/wp-content\/uploads\/2021\/07\/092412-Naturals-tonis-100x100.png 100w, https:\/\/kumode.lv\/wp-content\/uploads\/2021\/07\/092412-Naturals-tonis.png 450w\" sizes=\"auto, (max-width: 150px) 100vw, 150px\" \/><\/a>\n\t\t\t<\/div><\/figure>\n\t\t<\/div>\n<\/p>\n<p>&nbsp;<\/p>\n<p>Katr\u0101 m\u0101j\u0101 ir j\u0101b\u016bt vismaz k\u0101dai gr\u0101matai, cit\u0101d\u0101k tas liecina par to, ka kaut kas stipri iztr\u016bkst .cilv\u0113ki m\u0113dz teikt pat, ka gr\u0101matas pie\u0161\u0137ir telpai dv\u0113seli un liek justies daudz pat\u012bkam\u0101k, ja apk\u0101rt ir redzamas r\u016bp\u012bgi salikts gr\u0101matas, kuras iesp\u0113jams apskat\u012bt tuv\u0101k jebkur\u0101 laik\u0101. Ir iesp\u0113jams t\u0101s sarindot p\u0113c pa\u0161a iesp\u0113j\u0101m un vajadz\u012bbas, radot lielisku pamatu savas m\u0101jas bibliot\u0113kai. Pieejami ir da\u017e\u0101da veida dab\u012bg\u0101s priedes mas\u012bvkoka gr\u0101matu plaukti no kuriem katrs var\u0113s atrast \u0113rti sev t\u012bkam\u0101ko un ievietot v\u0113lamaj\u0101 telp\u0101. \u0112rti ir ar\u012b kombin\u0113t da\u017e\u0101dus \u0161o plauktu veidus, ieg\u016bstot aizvien vair\u0101k vietas, kur izvietot gr\u0101matas.<\/p>\n<p>Gr\u0101matu plaukti ir izgatavoti no Latvij\u0101 augu\u0161as un apstr\u0101d\u0101tas priedes, pie\u0161\u0137irot katrai m\u0113belei t\u0101s individualit\u0101ti un v\u0113rt\u012bbu. Ir pieejami da\u017e\u0101di plauktu veidi \u2013 ar vair\u0101kiem atv\u0113rta tipa plauktiem un lej\u0101 eso\u0161\u0101m durti\u0146\u0101m, aiz kur\u0101m var salikt gr\u0101matas vai citas mantas, kas neb\u016bs redzamas p\u0101r\u0113jo ac\u012bm, piln\u012bb\u0101 atv\u0113rta tipa plauktu vai maz\u0101ka izm\u0113ra plauktu ar durti\u0146\u0101m un vienu atv\u0113rtu nodal\u012bjumu gr\u0101mat\u0101m. Ir iesp\u0113jams izv\u0113l\u0113ties ar\u012b da\u017e\u0101dus to\u0146us un kr\u0101sas k\u0101 sarkanbr\u016bnu, tum\u0161i br\u016bnu, gai\u0161i br\u016bnu, melnu, baltu u.c., lai viegl\u0101k saska\u0146otu m\u0113beli ar p\u0101r\u0113j\u0101m interjer\u0101 eso\u0161aj\u0101m. Ir labi, ja ir iesp\u0113ja izv\u0113l\u0113ties gai\u0161\u0101ku toni \u2013 tas ne tikai vizu\u0101li palielin\u0101s telpas izm\u0113ru, bet ar\u012b saglab\u0101s dab\u012bg\u0101 koka strukt\u016bru daudz redzam\u0101ku. \u0160\u0101ds risin\u0101jums savuk\u0101rt pastiprina m\u0101j\u012bguma un dabiskuma atmosf\u0113ru jebkur\u0101 telp\u0101.<\/p>\n<p>Dab\u012bg\u0101s priedes mas\u012bvkoka gr\u0101matu plaukti pal\u012bdz\u0113s salikt da\u017e\u0101das noz\u012bmes gr\u0101matas praktisk\u0101 un est\u0113tiski pievilc\u012bg\u0101 veid\u0101. Tas \u013caus ne tikai padar\u012bt gr\u0101matas pieejam\u0101kas katram, bet rad\u012bs izpratni par to v\u0113rt\u012bbu un noz\u012bm\u012bgumu katra m\u0101jokl\u012b.<\/p>","protected":false},"excerpt":{"rendered":"<p><span style=\"font-size: 18px;\">Izm\u0113rs: AxPxD<\/span><\/p>\n","protected":false},"featured_media":390,"template":"","meta":[],"product_cat":[23],"product_tag":[],"class_list":["post-1355","product","type-product","status-publish","has-post-thumbnail","hentry","product_cat-priedes-koka-plaukti"],"_links":{"self":[{"href":"https:\/\/kumode.lv\/lv\/wp-json\/wp\/v2\/product\/1355","targetHints":{"allow":["GET"]}}],"collection":[{"href":"https:\/\/kumode.lv\/lv\/wp-json\/wp\/v2\/product"}],"about":[{"href":"https:\/\/kumode.lv\/lv\/wp-json\/wp\/v2\/types\/product"}],"wp:featuredmedia":[{"embeddable":true,"href":"https:\/\/kumode.lv\/lv\/wp-json\/wp\/v2\/media\/390"}],"wp:attachment":[{"href":"https:\/\/kumode.lv\/lv\/wp-json\/wp\/v2\/media?parent=1355"}],"wp:term":[{"taxonomy":"product_cat","embeddable":true,"href":"https:\/\/kumode.lv\/lv\/wp-json\/wp\/v2\/product_cat?post=1355"},{"taxonomy":"product_tag","embeddable":true,"href":"https:\/\/kumode.lv\/lv\/wp-json\/wp\/v2\/product_tag?post=1355"}],"curies":[{"name":"wp","href":"https:\/\/api.w.org\/{rel}","templated":true}]}}