{"id":1312,"date":"2021-10-22T16:56:10","date_gmt":"2021-10-22T13:56:10","guid":{"rendered":"https:\/\/kumodei.lionssolution.com\/?post_type=product&#038;p=1312"},"modified":"2025-11-02T19:25:56","modified_gmt":"2025-11-02T17:25:56","slug":"dabigas-priedes-masivkoka-kumode-amata2","status":"publish","type":"product","link":"https:\/\/kumode.lv\/lv\/product\/dabigas-priedes-masivkoka-kumode-amata2\/","title":{"rendered":"Dab\u012bg\u0101s Priedes Mas\u012bvkoka Kumode \u201cAmata2\u201d"},"content":{"rendered":"<div id='gallery-1' class='gallery galleryid-1312 gallery-columns-4 gallery-size-thumbnail'><figure class='gallery-item'>\n\t\t\t<div class='gallery-icon landscape'>\n\t\t\t\t<a title=\"092307 - koloni\u0101ls tonis\" href='https:\/\/kumode.lv\/wp-content\/uploads\/2021\/07\/092307-kolonials-tonis.png'><img loading=\"lazy\" decoding=\"async\" width=\"150\" height=\"150\" src=\"https:\/\/kumode.lv\/wp-content\/uploads\/2021\/07\/092307-kolonials-tonis-150x150.png\" class=\"attachment-thumbnail size-thumbnail\" alt=\"\" srcset=\"https:\/\/kumode.lv\/wp-content\/uploads\/2021\/07\/092307-kolonials-tonis-150x150.png 150w, https:\/\/kumode.lv\/wp-content\/uploads\/2021\/07\/092307-kolonials-tonis-300x300.png 300w, https:\/\/kumode.lv\/wp-content\/uploads\/2021\/07\/092307-kolonials-tonis-100x100.png 100w, https:\/\/kumode.lv\/wp-content\/uploads\/2021\/07\/092307-kolonials-tonis.png 450w\" sizes=\"auto, (max-width: 150px) 100vw, 150px\" \/><\/a>\n\t\t\t<\/div><\/figure><figure class='gallery-item'>\n\t\t\t<div class='gallery-icon landscape'>\n\t\t\t\t<a title=\"092332 - medus tonis\" href='https:\/\/kumode.lv\/wp-content\/uploads\/2021\/07\/092332-medus-tonis.png'><img loading=\"lazy\" decoding=\"async\" width=\"150\" height=\"150\" src=\"https:\/\/kumode.lv\/wp-content\/uploads\/2021\/07\/092332-medus-tonis-150x150.png\" class=\"attachment-thumbnail size-thumbnail\" alt=\"\" srcset=\"https:\/\/kumode.lv\/wp-content\/uploads\/2021\/07\/092332-medus-tonis-150x150.png 150w, https:\/\/kumode.lv\/wp-content\/uploads\/2021\/07\/092332-medus-tonis-300x300.png 300w, https:\/\/kumode.lv\/wp-content\/uploads\/2021\/07\/092332-medus-tonis-100x100.png 100w, https:\/\/kumode.lv\/wp-content\/uploads\/2021\/07\/092332-medus-tonis.png 450w\" sizes=\"auto, (max-width: 150px) 100vw, 150px\" \/><\/a>\n\t\t\t<\/div><\/figure><figure class='gallery-item'>\n\t\t\t<div class='gallery-icon landscape'>\n\t\t\t\t<a title=\"092357 - Balts tonis\" href='https:\/\/kumode.lv\/wp-content\/uploads\/2021\/07\/092357-Balts-tonis.png'><img loading=\"lazy\" decoding=\"async\" width=\"150\" height=\"150\" src=\"https:\/\/kumode.lv\/wp-content\/uploads\/2021\/07\/092357-Balts-tonis-150x150.png\" class=\"attachment-thumbnail size-thumbnail\" alt=\"\" srcset=\"https:\/\/kumode.lv\/wp-content\/uploads\/2021\/07\/092357-Balts-tonis-150x150.png 150w, https:\/\/kumode.lv\/wp-content\/uploads\/2021\/07\/092357-Balts-tonis-300x300.png 300w, https:\/\/kumode.lv\/wp-content\/uploads\/2021\/07\/092357-Balts-tonis-100x100.png 100w, https:\/\/kumode.lv\/wp-content\/uploads\/2021\/07\/092357-Balts-tonis.png 450w\" sizes=\"auto, (max-width: 150px) 100vw, 150px\" \/><\/a>\n\t\t\t<\/div><\/figure><figure class='gallery-item'>\n\t\t\t<div class='gallery-icon landscape'>\n\t\t\t\t<a title=\"092412 - Natur\u0101ls tonis\" href='https:\/\/kumode.lv\/wp-content\/uploads\/2021\/07\/092412-Naturals-tonis.png'><img loading=\"lazy\" decoding=\"async\" width=\"150\" height=\"150\" src=\"https:\/\/kumode.lv\/wp-content\/uploads\/2021\/07\/092412-Naturals-tonis-150x150.png\" class=\"attachment-thumbnail size-thumbnail\" alt=\"\" srcset=\"https:\/\/kumode.lv\/wp-content\/uploads\/2021\/07\/092412-Naturals-tonis-150x150.png 150w, https:\/\/kumode.lv\/wp-content\/uploads\/2021\/07\/092412-Naturals-tonis-300x300.png 300w, https:\/\/kumode.lv\/wp-content\/uploads\/2021\/07\/092412-Naturals-tonis-100x100.png 100w, https:\/\/kumode.lv\/wp-content\/uploads\/2021\/07\/092412-Naturals-tonis.png 450w\" sizes=\"auto, (max-width: 150px) 100vw, 150px\" \/><\/a>\n\t\t\t<\/div><\/figure>\n\t\t<\/div>\n\n","protected":false},"excerpt":{"rendered":"<p><span style=\"font-size: 18px;\">Izm\u0113rs: AxPxD<\/span><br \/>\n<span style=\"color: #ff9900;\"><strong><span style=\"color: #ff9900;\">ATVILKTNES AR M\u012aKSTO AIZV\u0112R\u0160ANU (SOFT CLOSE)<\/span><br \/>\n<span style=\"color: #000000;\"><em>Iesp\u0113ja izgatavot da\u017e\u0101dos augstumos un platumos!<\/em><\/span><\/strong><\/span><\/p>\n","protected":false},"featured_media":1319,"template":"","meta":[],"product_cat":[26,24],"product_tag":[],"class_list":["post-1312","product","type-product","status-publish","has-post-thumbnail","hentry","product_cat-priedes-gulamistaba","product_cat-priedes-koka-kumodes"],"_links":{"self":[{"href":"https:\/\/kumode.lv\/lv\/wp-json\/wp\/v2\/product\/1312","targetHints":{"allow":["GET"]}}],"collection":[{"href":"https:\/\/kumode.lv\/lv\/wp-json\/wp\/v2\/product"}],"about":[{"href":"https:\/\/kumode.lv\/lv\/wp-json\/wp\/v2\/types\/product"}],"wp:featuredmedia":[{"embeddable":true,"href":"https:\/\/kumode.lv\/lv\/wp-json\/wp\/v2\/media\/1319"}],"wp:attachment":[{"href":"https:\/\/kumode.lv\/lv\/wp-json\/wp\/v2\/media?parent=1312"}],"wp:term":[{"taxonomy":"product_cat","embeddable":true,"href":"https:\/\/kumode.lv\/lv\/wp-json\/wp\/v2\/product_cat?post=1312"},{"taxonomy":"product_tag","embeddable":true,"href":"https:\/\/kumode.lv\/lv\/wp-json\/wp\/v2\/product_tag?post=1312"}],"curies":[{"name":"wp","href":"https:\/\/api.w.org\/{rel}","templated":true}]}}