{"id":1257,"date":"2021-10-20T16:48:26","date_gmt":"2021-10-20T13:48:26","guid":{"rendered":"https:\/\/kumodei.lionssolution.com\/?post_type=product&#038;p=1257"},"modified":"2025-11-02T19:11:25","modified_gmt":"2025-11-02T17:11:25","slug":"dabigas-priedes-masivkoka-gulamistabas-cetrdurvju-skapis-amata","status":"publish","type":"product","link":"https:\/\/kumode.lv\/lv\/product\/dabigas-priedes-masivkoka-gulamistabas-cetrdurvju-skapis-amata\/","title":{"rendered":"Dab\u012bg\u0101s Priedes Mas\u012bvkoka Gu\u013camistabas \u010cetrdurvju Skapis \u201cAmata\u201d"},"content":{"rendered":"<p><div id='gallery-1' class='gallery galleryid-1257 gallery-columns-4 gallery-size-thumbnail'><figure class='gallery-item'>\n\t\t\t<div class='gallery-icon landscape'>\n\t\t\t\t<a title=\"092307 - koloni\u0101ls tonis\" href='https:\/\/kumode.lv\/wp-content\/uploads\/2021\/07\/092307-kolonials-tonis.png'><img loading=\"lazy\" decoding=\"async\" width=\"150\" height=\"150\" src=\"https:\/\/kumode.lv\/wp-content\/uploads\/2021\/07\/092307-kolonials-tonis-150x150.png\" class=\"attachment-thumbnail size-thumbnail\" alt=\"\" srcset=\"https:\/\/kumode.lv\/wp-content\/uploads\/2021\/07\/092307-kolonials-tonis-150x150.png 150w, https:\/\/kumode.lv\/wp-content\/uploads\/2021\/07\/092307-kolonials-tonis-300x300.png 300w, https:\/\/kumode.lv\/wp-content\/uploads\/2021\/07\/092307-kolonials-tonis-100x100.png 100w, https:\/\/kumode.lv\/wp-content\/uploads\/2021\/07\/092307-kolonials-tonis.png 450w\" sizes=\"auto, (max-width: 150px) 100vw, 150px\" \/><\/a>\n\t\t\t<\/div><\/figure><figure class='gallery-item'>\n\t\t\t<div class='gallery-icon landscape'>\n\t\t\t\t<a title=\"092332 - medus tonis\" href='https:\/\/kumode.lv\/wp-content\/uploads\/2021\/07\/092332-medus-tonis.png'><img loading=\"lazy\" decoding=\"async\" width=\"150\" height=\"150\" src=\"https:\/\/kumode.lv\/wp-content\/uploads\/2021\/07\/092332-medus-tonis-150x150.png\" class=\"attachment-thumbnail size-thumbnail\" alt=\"\" srcset=\"https:\/\/kumode.lv\/wp-content\/uploads\/2021\/07\/092332-medus-tonis-150x150.png 150w, https:\/\/kumode.lv\/wp-content\/uploads\/2021\/07\/092332-medus-tonis-300x300.png 300w, https:\/\/kumode.lv\/wp-content\/uploads\/2021\/07\/092332-medus-tonis-100x100.png 100w, https:\/\/kumode.lv\/wp-content\/uploads\/2021\/07\/092332-medus-tonis.png 450w\" sizes=\"auto, (max-width: 150px) 100vw, 150px\" \/><\/a>\n\t\t\t<\/div><\/figure><figure class='gallery-item'>\n\t\t\t<div class='gallery-icon landscape'>\n\t\t\t\t<a title=\"092357 - Balts tonis\" href='https:\/\/kumode.lv\/wp-content\/uploads\/2021\/07\/092357-Balts-tonis.png'><img loading=\"lazy\" decoding=\"async\" width=\"150\" height=\"150\" src=\"https:\/\/kumode.lv\/wp-content\/uploads\/2021\/07\/092357-Balts-tonis-150x150.png\" class=\"attachment-thumbnail size-thumbnail\" alt=\"\" srcset=\"https:\/\/kumode.lv\/wp-content\/uploads\/2021\/07\/092357-Balts-tonis-150x150.png 150w, https:\/\/kumode.lv\/wp-content\/uploads\/2021\/07\/092357-Balts-tonis-300x300.png 300w, https:\/\/kumode.lv\/wp-content\/uploads\/2021\/07\/092357-Balts-tonis-100x100.png 100w, https:\/\/kumode.lv\/wp-content\/uploads\/2021\/07\/092357-Balts-tonis.png 450w\" sizes=\"auto, (max-width: 150px) 100vw, 150px\" \/><\/a>\n\t\t\t<\/div><\/figure><figure class='gallery-item'>\n\t\t\t<div class='gallery-icon landscape'>\n\t\t\t\t<a title=\"092412 - Natur\u0101ls tonis\" href='https:\/\/kumode.lv\/wp-content\/uploads\/2021\/07\/092412-Naturals-tonis.png'><img loading=\"lazy\" decoding=\"async\" width=\"150\" height=\"150\" src=\"https:\/\/kumode.lv\/wp-content\/uploads\/2021\/07\/092412-Naturals-tonis-150x150.png\" class=\"attachment-thumbnail size-thumbnail\" alt=\"\" srcset=\"https:\/\/kumode.lv\/wp-content\/uploads\/2021\/07\/092412-Naturals-tonis-150x150.png 150w, https:\/\/kumode.lv\/wp-content\/uploads\/2021\/07\/092412-Naturals-tonis-300x300.png 300w, https:\/\/kumode.lv\/wp-content\/uploads\/2021\/07\/092412-Naturals-tonis-100x100.png 100w, https:\/\/kumode.lv\/wp-content\/uploads\/2021\/07\/092412-Naturals-tonis.png 450w\" sizes=\"auto, (max-width: 150px) 100vw, 150px\" \/><\/a>\n\t\t\t<\/div><\/figure>\n\t\t<\/div>\n<\/p>\n<p>&nbsp;<\/p>\n<p>Gu\u013camistaba ir viena no svar\u012bg\u0101kaj\u0101m telp\u0101m katr\u0101 m\u0101jokl\u012b, jo t\u0101 ir vieta, kur katrs cilv\u0113ks pavada visvair\u0101k laika un ar\u012b katras dienas s\u0101kuma punkts. Ja t\u0101 ir piel\u0101gota katram, t\u0101 var kalpot par sp\u0113c\u012bgu ener\u0123ijas avotu. Latvijas ra\u017eot\u0101ji vair\u0101ku gadu garum\u0101 izstr\u0101d\u0101 da\u017e\u0101dus risin\u0101jumus da\u017e\u0101d\u0101m telp\u0101m un k\u0101 viens no tiem ir dab\u012bg\u0101s priedes mas\u012bvkoka gu\u013camistaba \u2018\u2018Amata\u2019\u2019, kas ir ietur\u0113ta klasiski elegant\u0101 stil\u0101, jo ir izgatavota no tepat pieejamiem kokmateri\u0101liem un profesion\u0101\u013cu apstr\u0101d\u0101tie tie veido stabilas koka m\u0113beles, kas laika gait\u0101 neizies no modes, jo koks k\u0101 izejmateri\u0101ls vienm\u0113r ir bijis popul\u0101rs un kvalitat\u012bvs.<\/p>\n<p>Mas\u012bvkoka gu\u013camistaba \u2018\u2018Amata\u2019\u2019 piln\u012bb\u0101 ir izgatavota no dabiska koka, kas apstr\u0101d\u0101ts, izmantojot modern\u0101k\u0101s tehnolo\u0123ijas un individu\u0101lo pieeju, lai p\u0113c iesp\u0113jas vair\u0101k atbilstu pras\u012bb\u0101m. Komplekts sast\u0101v no apjom\u012bgas divviet\u012bg\u0101s gultas, kas b\u016bs izteikti \u0113rta ne tikai lai atg\u016btu sp\u0113kus, bet nepiecie\u0161am\u012bbas un v\u0113lmju gad\u012bjum\u0101 ietur\u0113tu malt\u012bti u.c. T\u0101s s\u0101nos paredz\u0113ts izvietot naktsskap\u012b\u0161us, kas ir noder\u012bgi, lai vajadz\u012bg\u0101s lietas vienm\u0113r atrastos rokas stiepiena att\u0101lum\u0101. Uz virs\u0113j\u0101s to da\u013cas ir speci\u0101li paredz\u0113ta vieta nelielai naktslampai. Pieska\u0146ots ir ar\u012b liela apjoma skapis ar \u010detr\u0101m atvilktn\u0113m un daudziem liel\u0101kiem nodal\u012bjumiem, kas \u013caus viegli taj\u0101 salikt visas dr\u0113bes un da\u017e\u0101dus citus to papildin\u0101jumus, k\u0101 ar\u012b viegli t\u0101s atrast, pateicoties grup\u0113\u0161anas iesp\u0113jai. Ja tom\u0113r visas lietas taj\u0101 nesaiet, \u2018\u2018Amata\u2019\u2019 komplekt\u0101 ietilpst ar\u012b apjom\u012bga kumode, kas \u013caus ar\u012b ikdien\u0101 lietojam\u0101m liet\u0101m b\u016bt tuv\u0101k. R\u016bp\u0113joties par savu izskatu, sievietes nov\u0113rt\u0113s mas\u012bvkoka p\u016bdergaldu ar speci\u0101lu kr\u0113slu k\u0101 ap\u0161uvums padar\u012bs s\u0113d\u0113\u0161anu taj\u0101 daudz \u0113rt\u0101ku.<\/p>\n<p>Dab\u012bg\u0101s priedes mas\u012bvkoka gu\u013camistaba \u2018\u2018Amata\u2019\u2019 pieejama da\u017e\u0101du to\u0146u vari\u0101cij\u0101s, \u013caujot to piln\u012bgi pieska\u0146ot katra gaumei.<\/p>","protected":false},"excerpt":{"rendered":"<p><span style=\"font-size: 18px;\">Izm\u0113rs: AxPxD<\/span><br \/>\n<span style=\"color: #ff0000;\"><strong>Iesp\u0113jamas vair\u0101kas vari\u0101cijas<br \/>\n<span style=\"color: #ff6600;\">DURVIS UN ATVILKTNES AR M\u012aKSTO AIZV\u0112R\u0160ANU (SOFT CLOSE)<\/span><\/strong><\/span><\/p>\n","protected":false},"featured_media":1262,"template":"","meta":[],"product_cat":[26,20],"product_tag":[],"class_list":["post-1257","product","type-product","status-publish","has-post-thumbnail","hentry","product_cat-priedes-gulamistaba","product_cat-priedes-koka-skapji"],"_links":{"self":[{"href":"https:\/\/kumode.lv\/lv\/wp-json\/wp\/v2\/product\/1257","targetHints":{"allow":["GET"]}}],"collection":[{"href":"https:\/\/kumode.lv\/lv\/wp-json\/wp\/v2\/product"}],"about":[{"href":"https:\/\/kumode.lv\/lv\/wp-json\/wp\/v2\/types\/product"}],"wp:featuredmedia":[{"embeddable":true,"href":"https:\/\/kumode.lv\/lv\/wp-json\/wp\/v2\/media\/1262"}],"wp:attachment":[{"href":"https:\/\/kumode.lv\/lv\/wp-json\/wp\/v2\/media?parent=1257"}],"wp:term":[{"taxonomy":"product_cat","embeddable":true,"href":"https:\/\/kumode.lv\/lv\/wp-json\/wp\/v2\/product_cat?post=1257"},{"taxonomy":"product_tag","embeddable":true,"href":"https:\/\/kumode.lv\/lv\/wp-json\/wp\/v2\/product_tag?post=1257"}],"curies":[{"name":"wp","href":"https:\/\/api.w.org\/{rel}","templated":true}]}}