{"id":10,"date":"2021-05-31T16:57:24","date_gmt":"2021-05-31T13:57:24","guid":{"rendered":"https:\/\/kumodei.lionssolution.com\/?page_id=10"},"modified":"2021-06-14T11:53:52","modified_gmt":"2021-06-14T08:53:52","slug":"par-mums","status":"publish","type":"page","link":"https:\/\/kumode.lv\/lv\/par-mums\/","title":{"rendered":"Par mums"},"content":{"rendered":"\t\t<div data-elementor-type=\"wp-page\" data-elementor-id=\"10\" class=\"elementor elementor-10\">\n\t\t\t\t\t\t\t\t\t<section class=\"elementor-section elementor-top-section elementor-element elementor-element-bf837f8 elementor-section-boxed elementor-section-height-default elementor-section-height-default\" data-id=\"bf837f8\" data-element_type=\"section\">\n\t\t\t\t\t\t<div class=\"elementor-container elementor-column-gap-default\">\n\t\t\t\t\t<div class=\"elementor-column elementor-col-100 elementor-top-column elementor-element elementor-element-43b1a75\" data-id=\"43b1a75\" data-element_type=\"column\">\n\t\t\t<div class=\"elementor-widget-wrap elementor-element-populated\">\n\t\t\t\t\t\t\t\t<div class=\"elementor-element elementor-element-3758257 elementor-widget elementor-widget-heading\" data-id=\"3758257\" data-element_type=\"widget\" data-widget_type=\"heading.default\">\n\t\t\t\t<div class=\"elementor-widget-container\">\n\t\t\t<h2 class=\"elementor-heading-title elementor-size-default\">Par mums<\/h2>\t\t<\/div>\n\t\t\t\t<\/div>\n\t\t\t\t\t<\/div>\n\t\t<\/div>\n\t\t\t\t\t\t\t<\/div>\n\t\t<\/section>\n\t\t\t\t<section class=\"elementor-section elementor-top-section elementor-element elementor-element-ae2c81b elementor-section-boxed elementor-section-height-default elementor-section-height-default\" data-id=\"ae2c81b\" data-element_type=\"section\">\n\t\t\t\t\t\t<div class=\"elementor-container elementor-column-gap-default\">\n\t\t\t\t\t<div class=\"elementor-column elementor-col-50 elementor-top-column elementor-element elementor-element-80a9b84\" data-id=\"80a9b84\" data-element_type=\"column\">\n\t\t\t<div class=\"elementor-widget-wrap elementor-element-populated\">\n\t\t\t\t\t\t\t\t<div class=\"elementor-element elementor-element-609980e elementor-widget elementor-widget-text-editor\" data-id=\"609980e\" data-element_type=\"widget\" data-widget_type=\"text-editor.default\">\n\t\t\t\t<div class=\"elementor-widget-container\">\n\t\t\t\t\t\t\t\nPriedes koka m\u0113be\u013cu tirgotava \u201eKumode\u201d ir vieta kur atrast m\u0113beles m\u0101j\u012bgam interjeram, kas Latvij\u0101 ra\u017eotas un starptautisk\u0101 tirg\u016b p\u0101rbaud\u012btas jau 11 gadus. Pie mums j\u016bs varat piln\u012bb\u0101 iek\u0101rtot savu gu\u013camistabu, b\u0113rnistabu, priek\u0161namu, k\u0101 ar\u012b atrast m\u0113beles, kas piest\u0101v j\u016bsu viesistabai, vannas istabai, \u0113damistabai vai darba kabinetam.\n\t\t\t\t\t\t<\/div>\n\t\t\t\t<\/div>\n\t\t\t\t<div class=\"elementor-element elementor-element-64de822 elementor-widget elementor-widget-text-editor\" data-id=\"64de822\" data-element_type=\"widget\" data-widget_type=\"text-editor.default\">\n\t\t\t\t<div class=\"elementor-widget-container\">\n\t\t\t\t\t\t\t\nUn protams \u2013 kumodes \u2013 da\u017e\u0101dos izm\u0113ros un kr\u0101s\u0101s! Tirgotavas \u201eKumode\u201d m\u0113beles ir veiksm\u012bgs risin\u0101jums gan pils\u0113tas dz\u012bvokl\u012b, gan lauku m\u0101j\u0101. T\u0101pat vienk\u0101r\u0161i un \u0113rti b\u016bs iek\u0101rtot ar\u012b viesu namu. M\u0113be\u013cu sortiments tiek atjaunots regul\u0101ri!\n\t\t\t\t\t\t<\/div>\n\t\t\t\t<\/div>\n\t\t\t\t\t<\/div>\n\t\t<\/div>\n\t\t\t\t<div class=\"elementor-column elementor-col-50 elementor-top-column elementor-element elementor-element-2c01a80\" data-id=\"2c01a80\" data-element_type=\"column\">\n\t\t\t<div class=\"elementor-widget-wrap elementor-element-populated\">\n\t\t\t\t\t\t\t\t<div class=\"elementor-element elementor-element-290a776 elementor-widget elementor-widget-image\" data-id=\"290a776\" data-element_type=\"widget\" data-widget_type=\"image.default\">\n\t\t\t\t<div class=\"elementor-widget-container\">\n\t\t\t\t\t\t\t\t\t\t\t\t\t\t\t<img loading=\"lazy\" decoding=\"async\" width=\"640\" height=\"402\" src=\"https:\/\/kumode.lv\/wp-content\/uploads\/2021\/06\/Dabigas-priedes-masivkoka-gulamistaba-sokolade7-1024x682-1.png\" class=\"attachment-large size-large wp-image-802\" alt=\"\" srcset=\"https:\/\/kumode.lv\/wp-content\/uploads\/2021\/06\/Dabigas-priedes-masivkoka-gulamistaba-sokolade7-1024x682-1.png 1024w, https:\/\/kumode.lv\/wp-content\/uploads\/2021\/06\/Dabigas-priedes-masivkoka-gulamistaba-sokolade7-1024x682-1-300x188.png 300w, https:\/\/kumode.lv\/wp-content\/uploads\/2021\/06\/Dabigas-priedes-masivkoka-gulamistaba-sokolade7-1024x682-1-768x482.png 768w\" sizes=\"auto, (max-width: 640px) 100vw, 640px\" \/>\t\t\t\t\t\t\t\t\t\t\t\t\t\t\t<\/div>\n\t\t\t\t<\/div>\n\t\t\t\t\t<\/div>\n\t\t<\/div>\n\t\t\t\t\t\t\t<\/div>\n\t\t<\/section>\n\t\t\t\t<section class=\"elementor-section elementor-top-section elementor-element elementor-element-f4b9818 elementor-section-full_width elementor-section-height-default elementor-section-height-default\" data-id=\"f4b9818\" data-element_type=\"section\" data-settings=\"{&quot;background_background&quot;:&quot;classic&quot;}\">\n\t\t\t\t\t\t<div class=\"elementor-container elementor-column-gap-default\">\n\t\t\t\t\t<div class=\"elementor-column elementor-col-25 elementor-top-column elementor-element elementor-element-26e60a4\" data-id=\"26e60a4\" data-element_type=\"column\">\n\t\t\t<div class=\"elementor-widget-wrap\">\n\t\t\t\t\t\t\t\t\t<\/div>\n\t\t<\/div>\n\t\t\t\t<div class=\"elementor-column elementor-col-25 elementor-top-column elementor-element elementor-element-e5d735d\" data-id=\"e5d735d\" data-element_type=\"column\">\n\t\t\t<div class=\"elementor-widget-wrap elementor-element-populated\">\n\t\t\t\t\t\t\t\t<section class=\"elementor-section elementor-inner-section elementor-element elementor-element-99b1a34 elementor-section-boxed elementor-section-height-default elementor-section-height-default\" data-id=\"99b1a34\" data-element_type=\"section\">\n\t\t\t\t\t\t<div class=\"elementor-container elementor-column-gap-default\">\n\t\t\t\t\t<div class=\"elementor-column elementor-col-50 elementor-inner-column elementor-element elementor-element-0d3489d\" data-id=\"0d3489d\" data-element_type=\"column\">\n\t\t\t<div class=\"elementor-widget-wrap elementor-element-populated\">\n\t\t\t\t\t\t\t\t<div class=\"elementor-element elementor-element-fed0969 elementor-hidden-tablet elementor-hidden-phone elementor-view-default elementor-widget elementor-widget-icon\" data-id=\"fed0969\" data-element_type=\"widget\" data-widget_type=\"icon.default\">\n\t\t\t\t<div class=\"elementor-widget-container\">\n\t\t\t\t\t<div class=\"elementor-icon-wrapper\">\n\t\t\t<div class=\"elementor-icon\">\n\t\t\t<i aria-hidden=\"true\" class=\"fas fa-phone-volume\"><\/i>\t\t\t<\/div>\n\t\t<\/div>\n\t\t\t\t<\/div>\n\t\t\t\t<\/div>\n\t\t\t\t\t<\/div>\n\t\t<\/div>\n\t\t\t\t<div class=\"elementor-column elementor-col-50 elementor-inner-column elementor-element elementor-element-1eeead1\" data-id=\"1eeead1\" data-element_type=\"column\">\n\t\t\t<div class=\"elementor-widget-wrap elementor-element-populated\">\n\t\t\t\t\t\t\t\t<div class=\"elementor-element elementor-element-e219ccf elementor-widget elementor-widget-heading\" data-id=\"e219ccf\" data-element_type=\"widget\" data-widget_type=\"heading.default\">\n\t\t\t\t<div class=\"elementor-widget-container\">\n\t\t\t<h2 class=\"elementor-heading-title elementor-size-default\">Ja ir radu\u0161ies jaut\u0101jumi dro\u0161i sazinieties ar mums<\/h2>\t\t<\/div>\n\t\t\t\t<\/div>\n\t\t\t\t\t<\/div>\n\t\t<\/div>\n\t\t\t\t\t\t\t<\/div>\n\t\t<\/section>\n\t\t\t\t\t<\/div>\n\t\t<\/div>\n\t\t\t\t<div class=\"elementor-column elementor-col-25 elementor-top-column elementor-element elementor-element-3565be4\" data-id=\"3565be4\" data-element_type=\"column\">\n\t\t\t<div class=\"elementor-widget-wrap elementor-element-populated\">\n\t\t\t\t\t\t\t\t<section class=\"elementor-section elementor-inner-section elementor-element elementor-element-b0beeca elementor-section-boxed elementor-section-height-default elementor-section-height-default\" data-id=\"b0beeca\" data-element_type=\"section\">\n\t\t\t\t\t\t<div class=\"elementor-container elementor-column-gap-default\">\n\t\t\t\t\t<div class=\"elementor-column elementor-col-50 elementor-inner-column elementor-element elementor-element-5da04ce\" data-id=\"5da04ce\" data-element_type=\"column\">\n\t\t\t<div class=\"elementor-widget-wrap elementor-element-populated\">\n\t\t\t\t\t\t\t\t<div class=\"elementor-element elementor-element-3e1f5ec elementor-widget elementor-widget-heading\" data-id=\"3e1f5ec\" data-element_type=\"widget\" data-widget_type=\"heading.default\">\n\t\t\t\t<div class=\"elementor-widget-container\">\n\t\t\t<h2 class=\"elementor-heading-title elementor-size-default\">+371 26 120 252 (LAT)<\/h2>\t\t<\/div>\n\t\t\t\t<\/div>\n\t\t\t\t<div class=\"elementor-element elementor-element-1fb386e elementor-widget elementor-widget-heading\" data-id=\"1fb386e\" data-element_type=\"widget\" data-widget_type=\"heading.default\">\n\t\t\t\t<div class=\"elementor-widget-container\">\n\t\t\t<h2 class=\"elementor-heading-title elementor-size-default\">+371 29 116 546 (RUS)<\/h2>\t\t<\/div>\n\t\t\t\t<\/div>\n\t\t\t\t\t<\/div>\n\t\t<\/div>\n\t\t\t\t<div class=\"elementor-column elementor-col-50 elementor-inner-column elementor-element elementor-element-b53611c\" data-id=\"b53611c\" data-element_type=\"column\">\n\t\t\t<div class=\"elementor-widget-wrap elementor-element-populated\">\n\t\t\t\t\t\t\t\t<div class=\"elementor-element elementor-element-3adbce5 elementor-align-center elementor-widget elementor-widget-button\" data-id=\"3adbce5\" data-element_type=\"widget\" data-widget_type=\"button.default\">\n\t\t\t\t<div class=\"elementor-widget-container\">\n\t\t\t\t\t<div class=\"elementor-button-wrapper\">\n\t\t\t<a class=\"elementor-button elementor-button-link elementor-size-xl elementor-animation-push\" href=\"\/kontakti\">\n\t\t\t\t\t\t<span class=\"elementor-button-content-wrapper\">\n\t\t\t\t\t\t<span class=\"elementor-button-text\">KONTAKTI<\/span>\n\t\t<\/span>\n\t\t\t\t\t<\/a>\n\t\t<\/div>\n\t\t\t\t<\/div>\n\t\t\t\t<\/div>\n\t\t\t\t\t<\/div>\n\t\t<\/div>\n\t\t\t\t\t\t\t<\/div>\n\t\t<\/section>\n\t\t\t\t\t<\/div>\n\t\t<\/div>\n\t\t\t\t<div class=\"elementor-column elementor-col-25 elementor-top-column elementor-element elementor-element-9dcd6fc\" data-id=\"9dcd6fc\" data-element_type=\"column\">\n\t\t\t<div class=\"elementor-widget-wrap\">\n\t\t\t\t\t\t\t\t\t<\/div>\n\t\t<\/div>\n\t\t\t\t\t\t\t<\/div>\n\t\t<\/section>\n\t\t\t\t\t\t\t<\/div>\n\t\t","protected":false},"excerpt":{"rendered":"<p>Par mums Priedes koka m\u0113be\u013cu tirgotava \u201eKumode\u201d ir vieta kur atrast m\u0113beles m\u0101j\u012bgam interjeram, kas Latvij\u0101 ra\u017eotas un starptautisk\u0101 tirg\u016b p\u0101rbaud\u012btas jau 11 gadus. Pie mums j\u016bs varat piln\u012bb\u0101 iek\u0101rtot savu gu\u013camistabu, b\u0113rnistabu, priek\u0161namu, k\u0101 ar\u012b atrast m\u0113beles, kas piest\u0101v j\u016bsu viesistabai, vannas istabai, \u0113damistabai vai darba kabinetam. Un protams \u2013 kumodes \u2013 da\u017e\u0101dos izm\u0113ros [&hellip;]<\/p>\n","protected":false},"author":6,"featured_media":0,"parent":0,"menu_order":0,"comment_status":"closed","ping_status":"closed","template":"elementor_header_footer","meta":{"footnotes":""},"class_list":["post-10","page","type-page","status-publish","hentry"],"_links":{"self":[{"href":"https:\/\/kumode.lv\/lv\/wp-json\/wp\/v2\/pages\/10","targetHints":{"allow":["GET"]}}],"collection":[{"href":"https:\/\/kumode.lv\/lv\/wp-json\/wp\/v2\/pages"}],"about":[{"href":"https:\/\/kumode.lv\/lv\/wp-json\/wp\/v2\/types\/page"}],"author":[{"embeddable":true,"href":"https:\/\/kumode.lv\/lv\/wp-json\/wp\/v2\/users\/6"}],"replies":[{"embeddable":true,"href":"https:\/\/kumode.lv\/lv\/wp-json\/wp\/v2\/comments?post=10"}],"version-history":[{"count":185,"href":"https:\/\/kumode.lv\/lv\/wp-json\/wp\/v2\/pages\/10\/revisions"}],"predecessor-version":[{"id":808,"href":"https:\/\/kumode.lv\/lv\/wp-json\/wp\/v2\/pages\/10\/revisions\/808"}],"wp:attachment":[{"href":"https:\/\/kumode.lv\/lv\/wp-json\/wp\/v2\/media?parent=10"}],"curies":[{"name":"wp","href":"https:\/\/api.w.org\/{rel}","templated":true}]}}